{"id":115,"date":"2024-07-23T10:56:53","date_gmt":"2024-07-23T08:56:53","guid":{"rendered":"https:\/\/masc-34.fr\/?page_id=115"},"modified":"2025-08-26T15:13:43","modified_gmt":"2025-08-26T13:13:43","slug":"les-buts-de-lassociation","status":"publish","type":"page","link":"https:\/\/masc-34.fr\/?page_id=115","title":{"rendered":"L&rsquo;association"},"content":{"rendered":"<p>[et_pb_section fb_built=\u00a0\u00bb1&Prime; custom_padding_last_edited=\u00a0\u00bbon|tablet\u00a0\u00bb _builder_version=\u00a0\u00bb4.27.4&Prime; _module_preset=\u00a0\u00bbdefault\u00a0\u00bb background_color=\u00a0\u00bb#161515&Prime; background_image=\u00a0\u00bbhttps:\/\/masc-34.fr\/wp-content\/uploads\/2025\/08\/fond-ecran-web-etoiles.png\u00a0\u00bb background_position=\u00a0\u00bbtop_right\u00a0\u00bb custom_margin=\u00a0\u00bb0px||0px||false|false\u00a0\u00bb custom_padding=\u00a0\u00bb||140px||false|false\u00a0\u00bb custom_padding_tablet=\u00a0\u00bb120px||120px||false|false\u00a0\u00bb custom_padding_phone=\u00a0\u00bb90px||90px||false|false\u00a0\u00bb hover_enabled=\u00a0\u00bb0&Prime; global_colors_info=\u00a0\u00bb{}\u00a0\u00bb title_text=\u00a0\u00bbfond ecran web &#8211; etoiles\u00a0\u00bb sticky_enabled=\u00a0\u00bb0&Prime;][et_pb_row _builder_version=\u00a0\u00bb4.27.0&Prime; _module_preset=\u00a0\u00bbdefault\u00a0\u00bb custom_margin=\u00a0\u00bb||||false|false\u00a0\u00bb custom_padding=\u00a0\u00bb95px||||false|false\u00a0\u00bb global_colors_info=\u00a0\u00bb{}\u00a0\u00bb][et_pb_column type=\u00a0\u00bb4_4&Prime; _builder_version=\u00a0\u00bb4.27.0&Prime; _module_preset=\u00a0\u00bbdefault\u00a0\u00bb global_colors_info=\u00a0\u00bb{}\u00a0\u00bb][et_pb_text _builder_version=\u00a0\u00bb4.27.0&Prime; _module_preset=\u00a0\u00bbdefault\u00a0\u00bb text_font=\u00a0\u00bb|||on|||||\u00a0\u00bb header_4_font=\u00a0\u00bbJost|||on|||||\u00a0\u00bb header_4_text_align=\u00a0\u00bbcenter\u00a0\u00bb header_4_text_color=\u00a0\u00bb#fcfcfc\u00a0\u00bb header_4_font_size=\u00a0\u00bb14px\u00a0\u00bb header_4_letter_spacing=\u00a0\u00bb1.8px\u00a0\u00bb header_4_line_height=\u00a0\u00bb1.2em\u00a0\u00bb custom_margin=\u00a0\u00bb0px||9px||false|false\u00a0\u00bb custom_padding=\u00a0\u00bb0px||0px||false|false\u00a0\u00bb global_colors_info=\u00a0\u00bb{}\u00a0\u00bb]<\/p>\n<h4>L&rsquo;Association MASC-34<\/h4>\n<p>[\/et_pb_text][et_pb_text _builder_version=\u00a0\u00bb4.27.0&Prime; _module_preset=\u00a0\u00bbdefault\u00a0\u00bb header_2_font=\u00a0\u00bbJost||||||||\u00a0\u00bb header_2_text_align=\u00a0\u00bbcenter\u00a0\u00bb header_2_text_color=\u00a0\u00bb#fcfcfc\u00a0\u00bb header_2_font_size=\u00a0\u00bb55px\u00a0\u00bb header_2_line_height=\u00a0\u00bb1.1em\u00a0\u00bb custom_margin=\u00a0\u00bb0px||0px||false|false\u00a0\u00bb custom_padding=\u00a0\u00bb0px||0px||false|false\u00a0\u00bb header_2_font_size_tablet=\u00a0\u00bb55px\u00a0\u00bb header_2_font_size_phone=\u00a0\u00bb32px\u00a0\u00bb header_2_font_size_last_edited=\u00a0\u00bbon|phone\u00a0\u00bb global_colors_info=\u00a0\u00bb{}\u00a0\u00bb]<\/p>\n<h2>Les Buts de l&rsquo;Association<\/h2>\n<p>[\/et_pb_text][\/et_pb_column][\/et_pb_row][et_pb_row _builder_version=\u00a0\u00bb4.27.0&Prime; _module_preset=\u00a0\u00bbdefault\u00a0\u00bb global_colors_info=\u00a0\u00bb{}\u00a0\u00bb][et_pb_column type=\u00a0\u00bb4_4&Prime; _builder_version=\u00a0\u00bb4.27.0&Prime; _module_preset=\u00a0\u00bbdefault\u00a0\u00bb global_colors_info=\u00a0\u00bb{}\u00a0\u00bb][et_pb_text _builder_version=\u00a0\u00bb4.27.0&Prime; _module_preset=\u00a0\u00bbdefault\u00a0\u00bb text_text_color=\u00a0\u00bb#FFFFFF\u00a0\u00bb global_colors_info=\u00a0\u00bb{}\u00a0\u00bb]<\/p>\n<p><span style=\"font-size: x-large;\">Musique<\/span><\/p>\n<p><span style=\"font-size: x-large;\">Mettre en avant la musique sous toutes ses formes au moyen de festivals musicaux mais aussi de son &amp; lumi\u00e8re sur diff\u00e9rents th\u00e8mes.<\/span><\/p>\n<p><span style=\"font-size: x-large;\">\u00a0<\/span><\/p>\n<p><span style=\"font-size: x-large;\">Arts<\/span><\/p>\n<p><span style=\"font-size: x-large;\">D\u00e9veloppement et promotion des arts sous toutes leurs formes par diverses actions, expositions, march\u00e9s d&rsquo;arts et de cr\u00e9ation, stages de pratique ou d&rsquo;initiation.<\/span><\/p>\n<p><span style=\"font-size: x-large;\">\u00a0<\/span><\/p>\n<p><span style=\"font-size: x-large;\">Spectacle<\/span><\/p>\n<p><span style=\"font-size: x-large;\">Ateliers de th\u00e9\u00e2tre, cr\u00e9ation de spectacles vivants. Le choix propos\u00e9 ira du th\u00e9\u00e2tre classique aux pi\u00e8ces plus contemporaines en passant par la commedia dell&rsquo;arte.<\/span><\/p>\n<p><span style=\"font-size: x-large;\">\u00a0<\/span><\/p>\n<p><span style=\"font-size: x-large;\">Culture<\/span><\/p>\n<p><span style=\"font-size: x-large;\">\u00c9v\u00e8nements autour de la culture dans toute sa diversit\u00e9 gr\u00e2ce \u00e0 diff\u00e9rentes actions : ateliers, stages, voyages et excursions. D\u00e9couverte et mise en valeur du patrimoine.<\/span><\/p>\n<p>[\/et_pb_text][\/et_pb_column][\/et_pb_row][\/et_pb_section]<\/p>\n","protected":false},"excerpt":{"rendered":"<p>L&rsquo;Association MASC-34Les Buts de l&rsquo;AssociationMusique Mettre en avant la musique sous toutes ses formes au moyen de festivals musicaux mais aussi de son &amp; lumi\u00e8re sur diff\u00e9rents th\u00e8mes. \u00a0 Arts D\u00e9veloppement et promotion des arts sous toutes leurs formes par diverses actions, expositions, march\u00e9s d&rsquo;arts et de cr\u00e9ation, stages de pratique ou d&rsquo;initiation. \u00a0 Spectacle Ateliers de th\u00e9\u00e2tre, cr\u00e9ation de spectacles vivants. Le choix propos\u00e9 ira du th\u00e9\u00e2tre classique aux pi\u00e8ces plus contemporaines en passant par la commedia dell&rsquo;arte. \u00a0 Culture \u00c9v\u00e8nements autour de la culture dans toute sa diversit\u00e9 gr\u00e2ce \u00e0 diff\u00e9rentes actions : ateliers, stages, voyages et excursions. D\u00e9couverte et mise en valeur du patrimoine.<\/p>\n","protected":false},"author":1,"featured_media":0,"parent":0,"menu_order":0,"comment_status":"closed","ping_status":"closed","template":"","meta":{"_et_pb_use_builder":"on","_et_pb_old_content":"<!-- wp:divi\/placeholder \/-->","_et_gb_content_width":"","footnotes":""},"class_list":["post-115","page","type-page","status-publish","hentry"],"yoast_head":"<!-- This site is optimized with the Yoast SEO plugin v27.4 - https:\/\/yoast.com\/product\/yoast-seo-wordpress\/ -->\n<title>L&#039;association - MASC-34<\/title>\n<meta name=\"robots\" content=\"index, follow, max-snippet:-1, max-image-preview:large, max-video-preview:-1\" \/>\n<link rel=\"canonical\" href=\"https:\/\/masc-34.fr\/?page_id=115\" \/>\n<meta property=\"og:locale\" content=\"fr_FR\" \/>\n<meta property=\"og:type\" content=\"article\" \/>\n<meta property=\"og:title\" content=\"L&#039;association - MASC-34\" \/>\n<meta property=\"og:description\" content=\"L&#039;Association MASC-34Les Buts de l&#039;AssociationMusique Mettre en avant la musique sous toutes ses formes au moyen de festivals musicaux mais aussi de son &amp; lumi\u00e8re sur diff\u00e9rents th\u00e8mes. \u00a0 Arts D\u00e9veloppement et promotion des arts sous toutes leurs formes par diverses actions, expositions, march\u00e9s d&#039;arts et de cr\u00e9ation, stages de pratique ou d&#039;initiation. \u00a0 Spectacle Ateliers de th\u00e9\u00e2tre, cr\u00e9ation de spectacles vivants. Le choix propos\u00e9 ira du th\u00e9\u00e2tre classique aux pi\u00e8ces plus contemporaines en passant par la commedia dell&#039;arte. \u00a0 Culture \u00c9v\u00e8nements autour de la culture dans toute sa diversit\u00e9 gr\u00e2ce \u00e0 diff\u00e9rentes actions : ateliers, stages, voyages et excursions. D\u00e9couverte et mise en valeur du patrimoine.\" \/>\n<meta property=\"og:url\" content=\"https:\/\/masc-34.fr\/?page_id=115\" \/>\n<meta property=\"og:site_name\" content=\"MASC-34\" \/>\n<meta property=\"article:publisher\" content=\"https:\/\/facebook.com\/MASC34\" \/>\n<meta property=\"article:modified_time\" content=\"2025-08-26T13:13:43+00:00\" \/>\n<meta name=\"twitter:card\" content=\"summary_large_image\" \/>\n<script type=\"application\/ld+json\" class=\"yoast-schema-graph\">{\"@context\":\"https:\\\/\\\/schema.org\",\"@graph\":[{\"@type\":\"WebPage\",\"@id\":\"https:\\\/\\\/masc-34.fr\\\/?page_id=115\",\"url\":\"https:\\\/\\\/masc-34.fr\\\/?page_id=115\",\"name\":\"L'association - MASC-34\",\"isPartOf\":{\"@id\":\"https:\\\/\\\/masc-34.fr\\\/#website\"},\"datePublished\":\"2024-07-23T08:56:53+00:00\",\"dateModified\":\"2025-08-26T13:13:43+00:00\",\"breadcrumb\":{\"@id\":\"https:\\\/\\\/masc-34.fr\\\/?page_id=115#breadcrumb\"},\"inLanguage\":\"fr-FR\",\"potentialAction\":[{\"@type\":\"ReadAction\",\"target\":[\"https:\\\/\\\/masc-34.fr\\\/?page_id=115\"]}]},{\"@type\":\"BreadcrumbList\",\"@id\":\"https:\\\/\\\/masc-34.fr\\\/?page_id=115#breadcrumb\",\"itemListElement\":[{\"@type\":\"ListItem\",\"position\":1,\"name\":\"Accueil\",\"item\":\"https:\\\/\\\/masc-34.fr\\\/\"},{\"@type\":\"ListItem\",\"position\":2,\"name\":\"L&rsquo;association\"}]},{\"@type\":\"WebSite\",\"@id\":\"https:\\\/\\\/masc-34.fr\\\/#website\",\"url\":\"https:\\\/\\\/masc-34.fr\\\/\",\"name\":\"MASC-34\",\"description\":\"Musique Arts Spectacle Culture\",\"publisher\":{\"@id\":\"https:\\\/\\\/masc-34.fr\\\/#organization\"},\"potentialAction\":[{\"@type\":\"SearchAction\",\"target\":{\"@type\":\"EntryPoint\",\"urlTemplate\":\"https:\\\/\\\/masc-34.fr\\\/?s={search_term_string}\"},\"query-input\":{\"@type\":\"PropertyValueSpecification\",\"valueRequired\":true,\"valueName\":\"search_term_string\"}}],\"inLanguage\":\"fr-FR\"},{\"@type\":\"Organization\",\"@id\":\"https:\\\/\\\/masc-34.fr\\\/#organization\",\"name\":\"Association MASC-34\",\"url\":\"https:\\\/\\\/masc-34.fr\\\/\",\"logo\":{\"@type\":\"ImageObject\",\"inLanguage\":\"fr-FR\",\"@id\":\"https:\\\/\\\/masc-34.fr\\\/#\\\/schema\\\/logo\\\/image\\\/\",\"url\":\"https:\\\/\\\/masc-34.fr\\\/wp-content\\\/uploads\\\/2022\\\/09\\\/Logo-MASC34-V5.png\",\"contentUrl\":\"https:\\\/\\\/masc-34.fr\\\/wp-content\\\/uploads\\\/2022\\\/09\\\/Logo-MASC34-V5.png\",\"width\":1922,\"height\":1974,\"caption\":\"Association MASC-34\"},\"image\":{\"@id\":\"https:\\\/\\\/masc-34.fr\\\/#\\\/schema\\\/logo\\\/image\\\/\"},\"sameAs\":[\"https:\\\/\\\/facebook.com\\\/MASC34\"]}]}<\/script>\n<!-- \/ Yoast SEO plugin. -->","yoast_head_json":{"title":"L'association - MASC-34","robots":{"index":"index","follow":"follow","max-snippet":"max-snippet:-1","max-image-preview":"max-image-preview:large","max-video-preview":"max-video-preview:-1"},"canonical":"https:\/\/masc-34.fr\/?page_id=115","og_locale":"fr_FR","og_type":"article","og_title":"L'association - MASC-34","og_description":"L'Association MASC-34Les Buts de l'AssociationMusique Mettre en avant la musique sous toutes ses formes au moyen de festivals musicaux mais aussi de son &amp; lumi\u00e8re sur diff\u00e9rents th\u00e8mes. \u00a0 Arts D\u00e9veloppement et promotion des arts sous toutes leurs formes par diverses actions, expositions, march\u00e9s d'arts et de cr\u00e9ation, stages de pratique ou d'initiation. \u00a0 Spectacle Ateliers de th\u00e9\u00e2tre, cr\u00e9ation de spectacles vivants. Le choix propos\u00e9 ira du th\u00e9\u00e2tre classique aux pi\u00e8ces plus contemporaines en passant par la commedia dell'arte. \u00a0 Culture \u00c9v\u00e8nements autour de la culture dans toute sa diversit\u00e9 gr\u00e2ce \u00e0 diff\u00e9rentes actions : ateliers, stages, voyages et excursions. D\u00e9couverte et mise en valeur du patrimoine.","og_url":"https:\/\/masc-34.fr\/?page_id=115","og_site_name":"MASC-34","article_publisher":"https:\/\/facebook.com\/MASC34","article_modified_time":"2025-08-26T13:13:43+00:00","twitter_card":"summary_large_image","schema":{"@context":"https:\/\/schema.org","@graph":[{"@type":"WebPage","@id":"https:\/\/masc-34.fr\/?page_id=115","url":"https:\/\/masc-34.fr\/?page_id=115","name":"L'association - MASC-34","isPartOf":{"@id":"https:\/\/masc-34.fr\/#website"},"datePublished":"2024-07-23T08:56:53+00:00","dateModified":"2025-08-26T13:13:43+00:00","breadcrumb":{"@id":"https:\/\/masc-34.fr\/?page_id=115#breadcrumb"},"inLanguage":"fr-FR","potentialAction":[{"@type":"ReadAction","target":["https:\/\/masc-34.fr\/?page_id=115"]}]},{"@type":"BreadcrumbList","@id":"https:\/\/masc-34.fr\/?page_id=115#breadcrumb","itemListElement":[{"@type":"ListItem","position":1,"name":"Accueil","item":"https:\/\/masc-34.fr\/"},{"@type":"ListItem","position":2,"name":"L&rsquo;association"}]},{"@type":"WebSite","@id":"https:\/\/masc-34.fr\/#website","url":"https:\/\/masc-34.fr\/","name":"MASC-34","description":"Musique Arts Spectacle Culture","publisher":{"@id":"https:\/\/masc-34.fr\/#organization"},"potentialAction":[{"@type":"SearchAction","target":{"@type":"EntryPoint","urlTemplate":"https:\/\/masc-34.fr\/?s={search_term_string}"},"query-input":{"@type":"PropertyValueSpecification","valueRequired":true,"valueName":"search_term_string"}}],"inLanguage":"fr-FR"},{"@type":"Organization","@id":"https:\/\/masc-34.fr\/#organization","name":"Association MASC-34","url":"https:\/\/masc-34.fr\/","logo":{"@type":"ImageObject","inLanguage":"fr-FR","@id":"https:\/\/masc-34.fr\/#\/schema\/logo\/image\/","url":"https:\/\/masc-34.fr\/wp-content\/uploads\/2022\/09\/Logo-MASC34-V5.png","contentUrl":"https:\/\/masc-34.fr\/wp-content\/uploads\/2022\/09\/Logo-MASC34-V5.png","width":1922,"height":1974,"caption":"Association MASC-34"},"image":{"@id":"https:\/\/masc-34.fr\/#\/schema\/logo\/image\/"},"sameAs":["https:\/\/facebook.com\/MASC34"]}]}},"_links":{"self":[{"href":"https:\/\/masc-34.fr\/index.php?rest_route=\/wp\/v2\/pages\/115","targetHints":{"allow":["GET"]}}],"collection":[{"href":"https:\/\/masc-34.fr\/index.php?rest_route=\/wp\/v2\/pages"}],"about":[{"href":"https:\/\/masc-34.fr\/index.php?rest_route=\/wp\/v2\/types\/page"}],"author":[{"embeddable":true,"href":"https:\/\/masc-34.fr\/index.php?rest_route=\/wp\/v2\/users\/1"}],"replies":[{"embeddable":true,"href":"https:\/\/masc-34.fr\/index.php?rest_route=%2Fwp%2Fv2%2Fcomments&post=115"}],"version-history":[{"count":6,"href":"https:\/\/masc-34.fr\/index.php?rest_route=\/wp\/v2\/pages\/115\/revisions"}],"predecessor-version":[{"id":72085,"href":"https:\/\/masc-34.fr\/index.php?rest_route=\/wp\/v2\/pages\/115\/revisions\/72085"}],"wp:attachment":[{"href":"https:\/\/masc-34.fr\/index.php?rest_route=%2Fwp%2Fv2%2Fmedia&parent=115"}],"curies":[{"name":"wp","href":"https:\/\/api.w.org\/{rel}","templated":true}]}}