{"id":71329,"date":"2024-07-25T10:48:17","date_gmt":"2024-07-25T08:48:17","guid":{"rendered":"https:\/\/masc-34.fr\/?page_id=71329"},"modified":"2026-03-27T06:18:46","modified_gmt":"2026-03-27T05:18:46","slug":"mentions-legales","status":"publish","type":"page","link":"https:\/\/masc-34.fr\/?page_id=71329","title":{"rendered":"Mentions l\u00e9gales"},"content":{"rendered":"<p>[et_pb_section fb_built=\u00a0\u00bb1&Prime; custom_padding_last_edited=\u00a0\u00bbon|tablet\u00a0\u00bb _builder_version=\u00a0\u00bb4.27.0&Prime; _module_preset=\u00a0\u00bbdefault\u00a0\u00bb background_color=\u00a0\u00bb#161515&Prime; background_image=\u00a0\u00bbhttps:\/\/masc-34.fr\/wp-content\/uploads\/2024\/07\/conference-5-try-5.png\u00a0\u00bb background_position=\u00a0\u00bbtop_right\u00a0\u00bb custom_margin=\u00a0\u00bb0px||0px||false|false\u00a0\u00bb custom_padding=\u00a0\u00bb||140px||false|false\u00a0\u00bb custom_padding_tablet=\u00a0\u00bb120px||120px||false|false\u00a0\u00bb custom_padding_phone=\u00a0\u00bb90px||90px||false|false\u00a0\u00bb global_colors_info=\u00a0\u00bb{}\u00a0\u00bb][et_pb_row _builder_version=\u00a0\u00bb4.27.0&Prime; _module_preset=\u00a0\u00bbdefault\u00a0\u00bb custom_margin=\u00a0\u00bb||||false|false\u00a0\u00bb custom_padding=\u00a0\u00bb95px||||false|false\u00a0\u00bb global_colors_info=\u00a0\u00bb{}\u00a0\u00bb][et_pb_column type=\u00a0\u00bb4_4&Prime; _builder_version=\u00a0\u00bb4.27.0&Prime; _module_preset=\u00a0\u00bbdefault\u00a0\u00bb global_colors_info=\u00a0\u00bb{}\u00a0\u00bb][et_pb_text _builder_version=\u00a0\u00bb4.27.0&Prime; _module_preset=\u00a0\u00bbdefault\u00a0\u00bb text_font=\u00a0\u00bb|||on|||||\u00a0\u00bb header_4_font=\u00a0\u00bbJost|||on|||||\u00a0\u00bb header_4_text_align=\u00a0\u00bbcenter\u00a0\u00bb header_4_text_color=\u00a0\u00bb#fcfcfc\u00a0\u00bb header_4_font_size=\u00a0\u00bb14px\u00a0\u00bb header_4_letter_spacing=\u00a0\u00bb1.8px\u00a0\u00bb header_4_line_height=\u00a0\u00bb1.2em\u00a0\u00bb custom_margin=\u00a0\u00bb0px||9px||false|false\u00a0\u00bb custom_padding=\u00a0\u00bb0px||0px||false|false\u00a0\u00bb global_colors_info=\u00a0\u00bb{}\u00a0\u00bb]<\/p>\n<h4>Mentions l\u00e9gales<\/h4>\n<p>[\/et_pb_text][et_pb_text _builder_version=\u00a0\u00bb4.27.0&Prime; _module_preset=\u00a0\u00bbdefault\u00a0\u00bb header_2_font=\u00a0\u00bbJost||||||||\u00a0\u00bb header_2_text_align=\u00a0\u00bbcenter\u00a0\u00bb header_2_text_color=\u00a0\u00bb#fcfcfc\u00a0\u00bb header_2_font_size=\u00a0\u00bb55px\u00a0\u00bb header_2_line_height=\u00a0\u00bb1.1em\u00a0\u00bb custom_margin=\u00a0\u00bb0px||0px||false|false\u00a0\u00bb custom_padding=\u00a0\u00bb0px||0px||false|false\u00a0\u00bb header_2_font_size_tablet=\u00a0\u00bb55px\u00a0\u00bb header_2_font_size_phone=\u00a0\u00bb32px\u00a0\u00bb header_2_font_size_last_edited=\u00a0\u00bbon|phone\u00a0\u00bb global_colors_info=\u00a0\u00bb{}\u00a0\u00bb]<\/p>\n<h2>Nos mentions l\u00e9gales<\/h2>\n<p>[\/et_pb_text][\/et_pb_column][\/et_pb_row][et_pb_row _builder_version=\u00a0\u00bb4.27.0&Prime; _module_preset=\u00a0\u00bbdefault\u00a0\u00bb global_colors_info=\u00a0\u00bb{}\u00a0\u00bb][et_pb_column type=\u00a0\u00bb4_4&Prime; _builder_version=\u00a0\u00bb4.27.0&Prime; _module_preset=\u00a0\u00bbdefault\u00a0\u00bb global_colors_info=\u00a0\u00bb{}\u00a0\u00bb][et_pb_text _builder_version=\u00a0\u00bb4.27.4&Prime; _module_preset=\u00a0\u00bbdefault\u00a0\u00bb text_text_color=\u00a0\u00bb#FFFFFF\u00a0\u00bb hover_enabled=\u00a0\u00bb0&Prime; global_colors_info=\u00a0\u00bb{}\u00a0\u00bb sticky_enabled=\u00a0\u00bb0&Prime;]<\/p>\n<p style=\"text-align: justify;\">\u00c9diteur<\/p>\n<p style=\"text-align: justify;\"><strong data-start=\"253\" data-end=\"305\">MASC-34 (Musique, Arts, Spectacle, Culture \u2013 34)<\/strong><br data-start=\"305\" data-end=\"308\" \/>Association loi 1901<\/p>\n<p style=\"text-align: justify;\">T\u00e9l\u00e9phone : +33 7 70 00 01 41<\/p>\n<p style=\"text-align: justify;\">E-mail : contact@masc-34.fr<\/p>\n<p style=\"text-align: justify;\">Conception site web<\/p>\n<p style=\"text-align: justify;\">Directeur de la publication :<br data-start=\"490\" data-end=\"493\" \/><strong data-start=\"493\" data-end=\"515\">Georges Costa-Koch<\/strong>, Pr\u00e9sident de l\u2019association MASC-34<\/p>\n<p style=\"text-align: justify;\">Georges &amp; C\u00e9dric Costa-Koch pour l&rsquo;association MASC-34<\/p>\n<p style=\"text-align: justify;\">H\u00e9bergement<\/p>\n<p style=\"text-align: justify;\">Soci\u00e9t\u00e9 GANDI<\/p>\n<h2 data-section-id=\"1m4qokd\" data-start=\"560\" data-end=\"579\">H\u00e9bergement<\/h2>\n<p data-start=\"580\" data-end=\"607\">Le site est h\u00e9berg\u00e9 par :<\/p>\n<p data-start=\"609\" data-end=\"713\"><strong data-start=\"609\" data-end=\"650\"><span class=\"hover:entity-accent entity-underline inline cursor-pointer align-baseline\"><span class=\"whitespace-normal\">Gandi<\/span><\/span><\/strong><br data-start=\"650\" data-end=\"653\" \/>Gandi SAS<br data-start=\"662\" data-end=\"665\" \/>63-65 boulevard Mass\u00e9na<br data-start=\"688\" data-end=\"691\" \/>75013 Paris \u2013 France<\/p>\n<p data-start=\"715\" data-end=\"784\">T\u00e9l\u00e9phone : +33 (0)1 70 37 76 61<br data-start=\"747\" data-end=\"750\" \/>Site web : <a data-start=\"761\" data-end=\"782\" rel=\"noopener\" target=\"_new\" class=\"decorated-link\" href=\"https:\/\/www.gandi.net\">https:\/\/www.gandi.net<\/a><\/p>\n<p style=\"text-align: justify;\">Gestion des donn\u00e9es personnelles<\/p>\n<p style=\"text-align: justify;\">Conform\u00e9ment \u00e0 la loi \u00ab Informatique et Libert\u00e9s \u00bb, les personnes ayant fourni des informations personnelles ont un droit de regard total sur celles-ci. Pour exercer vos droits d\u2019acc\u00e8s et de modification sur ces donn\u00e9es, envoyer un courrier \u00e9lectronique \u00e0 l\u2019\u00e9diteur. De plus, aucune information personnelle n\u2019est collect\u00e9e \u00e0 l\u2019insu des utilisateurs du site, ni c\u00e9d\u00e9e \u00e0 des tiers, ni utilis\u00e9e \u00e0 des fins personnelles<\/p>\n<p style=\"text-align: justify;\">Propri\u00e9t\u00e9<\/p>\n<p style=\"text-align: justify;\">L\u2019ensemble de ce site est r\u00e9gi par la l\u00e9gislation fran\u00e7aise sur le droit d\u2019auteur et la propri\u00e9t\u00e9 intellectuelle. Le contenu du site, incluant, de fa\u00e7on non limitative, les images, graphismes, textes, vid\u00e9os, logos, et ic\u00f4nes sont la propri\u00e9t\u00e9 exclusive de l&rsquo;\u00e9diteur de ce site web \u00e0 l\u2019exception des marques, logos ou contenus appartenant \u00e0 d\u2019autres soci\u00e9t\u00e9s partenaires ou auteurs.<\/p>\n<p style=\"text-align: justify;\">La reproduction, la repr\u00e9sentation, le transfert, la distribution, ou l\u2019enregistrement de tout ou partie de ces \u00e9l\u00e9ments est formellement interdite sans l\u2019autorisation expresse de l&rsquo;\u00e9diteur de ce site web<\/p>\n<p style=\"text-align: justify;\">Responsabilit\u00e9<\/p>\n<p style=\"text-align: justify;\">Le contenu mis \u00e0 disposition sur ce site est fourni \u00e0 titre informatif. L\u2019existence d\u2019un lien de ce site vers un autre site Internet ne constitue pas une validation de ce site web ou de son contenu. Il appartient \u00e0 l\u2019internaute d\u2019utiliser ces informations avec discernement et esprit critique. La responsabilit\u00e9 de l&rsquo;\u00e9diteur de ce site web ne saurait \u00eatre engag\u00e9e du fait des informations, des opinions et des recommandations formul\u00e9es par des tiers.<\/p>\n<h2 data-section-id=\"1tx4aw7\" data-start=\"2105\" data-end=\"2133\">Finalit\u00e9 des donn\u00e9es<\/h2>\n<p data-start=\"2134\" data-end=\"2184\">Les donn\u00e9es collect\u00e9es servent exclusivement \u00e0 :<\/p>\n<ul data-start=\"2185\" data-end=\"2315\">\n<li data-section-id=\"13u4yqs\" data-start=\"2185\" data-end=\"2227\">r\u00e9pondre aux demandes des utilisateurs<\/li>\n<li data-section-id=\"uqoytm\" data-start=\"2228\" data-end=\"2264\">g\u00e9rer les adh\u00e9sions et activit\u00e9s<\/li>\n<li data-section-id=\"9xod0v\" data-start=\"2265\" data-end=\"2315\">envoyer des informations li\u00e9es \u00e0 l\u2019association<\/li>\n<li data-section-id=\"9xod0v\" data-start=\"2265\" data-end=\"2315\">\n<h2 data-section-id=\"7yytx7\" data-start=\"2322\" data-end=\"2351\">Dur\u00e9e de conservation<\/h2>\n<p data-start=\"2352\" data-end=\"2481\">Les donn\u00e9es sont conserv\u00e9es pendant une dur\u00e9e maximale de <strong data-start=\"2410\" data-end=\"2419\">3 ans<\/strong> apr\u00e8s le dernier contact, sauf obligation l\u00e9gale contraire.<\/p>\n<\/li>\n<li data-section-id=\"9xod0v\" data-start=\"2265\" data-end=\"2315\">\n<h2 data-section-id=\"12l6mqi\" data-start=\"2488\" data-end=\"2518\">Protection des donn\u00e9es<\/h2>\n<p data-start=\"2519\" data-end=\"2660\">MASC-34 s\u2019engage \u00e0 mettre en \u0153uvre toutes les mesures n\u00e9cessaires pour garantir la s\u00e9curit\u00e9 et la confidentialit\u00e9 des donn\u00e9es personnelles.<\/p>\n<\/li>\n<li data-section-id=\"9xod0v\" data-start=\"2265\" data-end=\"2315\">\n<h2 data-section-id=\"1m63ksi\" data-start=\"2789\" data-end=\"2820\">Droits des utilisateurs<\/h2>\n<p data-start=\"2821\" data-end=\"2934\">Conform\u00e9ment au <strong data-start=\"2837\" data-end=\"2895\">R\u00e8glement G\u00e9n\u00e9ral sur la Protection des Donn\u00e9es (RGPD)<\/strong>, vous disposez des droits suivants :<\/p>\n<ul data-start=\"2935\" data-end=\"3054\">\n<li data-section-id=\"1v4i4nf\" data-start=\"2935\" data-end=\"2952\">droit d\u2019acc\u00e8s<\/li>\n<li data-section-id=\"xanhyt\" data-start=\"2953\" data-end=\"2979\">droit de rectification<\/li>\n<li data-section-id=\"mo2y6s\" data-start=\"2980\" data-end=\"3004\">droit de suppression<\/li>\n<li data-section-id=\"wuv2l3\" data-start=\"3005\" data-end=\"3027\">droit d\u2019opposition<\/li>\n<li data-section-id=\"1wy5w2y\" data-start=\"3028\" data-end=\"3054\">droit \u00e0 la portabilit\u00e9<\/li>\n<\/ul>\n<p data-start=\"3056\" data-end=\"3107\">Pour exercer vos droits :<br data-start=\"3081\" data-end=\"3084\" \/>\ud83d\udce7 <a data-start=\"3087\" data-end=\"3105\" class=\"decorated-link cursor-pointer\" rel=\"noopener\">contact@masc-34.fr<\/a><\/p>\n<\/li>\n<li data-section-id=\"9xod0v\" data-start=\"2265\" data-end=\"2315\">\n<h2 data-section-id=\"1z110p7\" data-start=\"3114\" data-end=\"3129\">Cookies<\/h2>\n<p data-start=\"3130\" data-end=\"3206\">Le site peut utiliser des cookies pour am\u00e9liorer l\u2019exp\u00e9rience utilisateur.<\/p>\n<p data-start=\"3208\" data-end=\"3300\">L\u2019utilisateur peut refuser ou configurer les cookies via les param\u00e8tres de son navigateur.<\/p>\n<\/li>\n<li data-section-id=\"9xod0v\" data-start=\"2265\" data-end=\"2315\">Avec Gandi, si tu utilises aussi des <strong data-start=\"923\" data-end=\"948\">emails ou formulaires<\/strong>, pense \u00e0 ajouter une petite phrase du type :<br data-start=\"993\" data-end=\"996\" \/><em data-start=\"999\" data-end=\"1082\">\u201cLes donn\u00e9es peuvent \u00eatre h\u00e9berg\u00e9es sur des serveurs s\u00e9curis\u00e9s op\u00e9r\u00e9s par Gandi.\u201d<\/em><\/li>\n<\/ul>\n<p>[\/et_pb_text][\/et_pb_column][\/et_pb_row][\/et_pb_section]<\/p>\n","protected":false},"excerpt":{"rendered":"<p>Mentions l\u00e9galesNos mentions l\u00e9gales\u00c9diteur MASC-34 (Musique, Arts, Spectacle, Culture \u2013 34)Association loi 1901 T\u00e9l\u00e9phone : +33 7 70 00 01 41 E-mail : contact@masc-34.fr Conception site web Directeur de la publication :Georges Costa-Koch, Pr\u00e9sident de l\u2019association MASC-34 Georges &amp; C\u00e9dric Costa-Koch pour l&rsquo;association MASC-34 H\u00e9bergement Soci\u00e9t\u00e9 GANDI H\u00e9bergement Le site est h\u00e9berg\u00e9 par : GandiGandi SAS63-65 boulevard Mass\u00e9na75013 Paris \u2013 France T\u00e9l\u00e9phone : +33 (0)1 70 37 76 61Site web : https:\/\/www.gandi.net Gestion des donn\u00e9es personnelles Conform\u00e9ment \u00e0 la loi \u00ab Informatique et Libert\u00e9s \u00bb, les personnes ayant fourni des informations personnelles ont un droit de regard total sur celles-ci. Pour exercer vos droits d\u2019acc\u00e8s et de modification sur ces donn\u00e9es, envoyer un courrier \u00e9lectronique \u00e0 l\u2019\u00e9diteur. De plus, aucune information personnelle n\u2019est collect\u00e9e \u00e0 l\u2019insu des utilisateurs du site, ni c\u00e9d\u00e9e \u00e0 des tiers, ni utilis\u00e9e \u00e0 des fins personnelles Propri\u00e9t\u00e9 L\u2019ensemble de ce site est r\u00e9gi par la l\u00e9gislation fran\u00e7aise sur le droit d\u2019auteur et la propri\u00e9t\u00e9 intellectuelle. Le contenu du site, incluant, de fa\u00e7on non limitative, les images, graphismes, textes, vid\u00e9os, logos, et ic\u00f4nes sont la propri\u00e9t\u00e9 exclusive de l&rsquo;\u00e9diteur de ce site web \u00e0 l\u2019exception des marques, logos ou contenus appartenant \u00e0 d\u2019autres soci\u00e9t\u00e9s partenaires ou [&hellip;]<\/p>\n","protected":false},"author":1,"featured_media":0,"parent":0,"menu_order":0,"comment_status":"closed","ping_status":"closed","template":"","meta":{"_et_pb_use_builder":"on","_et_pb_old_content":"","_et_gb_content_width":"","footnotes":""},"class_list":["post-71329","page","type-page","status-publish","hentry"],"yoast_head":"<!-- This site is optimized with the Yoast SEO plugin v27.4 - https:\/\/yoast.com\/product\/yoast-seo-wordpress\/ -->\n<title>Mentions l\u00e9gales - MASC-34<\/title>\n<meta name=\"robots\" content=\"index, follow, max-snippet:-1, max-image-preview:large, max-video-preview:-1\" \/>\n<link rel=\"canonical\" href=\"https:\/\/masc-34.fr\/?page_id=71329\" \/>\n<meta property=\"og:locale\" content=\"fr_FR\" \/>\n<meta property=\"og:type\" content=\"article\" \/>\n<meta property=\"og:title\" content=\"Mentions l\u00e9gales - MASC-34\" \/>\n<meta property=\"og:description\" content=\"Mentions l\u00e9galesNos mentions l\u00e9gales\u00c9diteur MASC-34 (Musique, Arts, Spectacle, Culture \u2013 34)Association loi 1901 T\u00e9l\u00e9phone : +33 7 70 00 01 41 E-mail : contact@masc-34.fr Conception site web Directeur de la publication :Georges Costa-Koch, Pr\u00e9sident de l\u2019association MASC-34 Georges &amp; C\u00e9dric Costa-Koch pour l&#039;association MASC-34 H\u00e9bergement Soci\u00e9t\u00e9 GANDI H\u00e9bergement Le site est h\u00e9berg\u00e9 par : GandiGandi SAS63-65 boulevard Mass\u00e9na75013 Paris \u2013 France T\u00e9l\u00e9phone : +33 (0)1 70 37 76 61Site web : https:\/\/www.gandi.net Gestion des donn\u00e9es personnelles Conform\u00e9ment \u00e0 la loi \u00ab Informatique et Libert\u00e9s \u00bb, les personnes ayant fourni des informations personnelles ont un droit de regard total sur celles-ci. Pour exercer vos droits d\u2019acc\u00e8s et de modification sur ces donn\u00e9es, envoyer un courrier \u00e9lectronique \u00e0 l\u2019\u00e9diteur. De plus, aucune information personnelle n\u2019est collect\u00e9e \u00e0 l\u2019insu des utilisateurs du site, ni c\u00e9d\u00e9e \u00e0 des tiers, ni utilis\u00e9e \u00e0 des fins personnelles Propri\u00e9t\u00e9 L\u2019ensemble de ce site est r\u00e9gi par la l\u00e9gislation fran\u00e7aise sur le droit d\u2019auteur et la propri\u00e9t\u00e9 intellectuelle. Le contenu du site, incluant, de fa\u00e7on non limitative, les images, graphismes, textes, vid\u00e9os, logos, et ic\u00f4nes sont la propri\u00e9t\u00e9 exclusive de l&#039;\u00e9diteur de ce site web \u00e0 l\u2019exception des marques, logos ou contenus appartenant \u00e0 d\u2019autres soci\u00e9t\u00e9s partenaires ou [&hellip;]\" \/>\n<meta property=\"og:url\" content=\"https:\/\/masc-34.fr\/?page_id=71329\" \/>\n<meta property=\"og:site_name\" content=\"MASC-34\" \/>\n<meta property=\"article:publisher\" content=\"https:\/\/facebook.com\/MASC34\" \/>\n<meta property=\"article:modified_time\" content=\"2026-03-27T05:18:46+00:00\" \/>\n<meta name=\"twitter:card\" content=\"summary_large_image\" \/>\n<script type=\"application\/ld+json\" class=\"yoast-schema-graph\">{\"@context\":\"https:\\\/\\\/schema.org\",\"@graph\":[{\"@type\":\"WebPage\",\"@id\":\"https:\\\/\\\/masc-34.fr\\\/?page_id=71329\",\"url\":\"https:\\\/\\\/masc-34.fr\\\/?page_id=71329\",\"name\":\"Mentions l\u00e9gales - MASC-34\",\"isPartOf\":{\"@id\":\"https:\\\/\\\/masc-34.fr\\\/#website\"},\"datePublished\":\"2024-07-25T08:48:17+00:00\",\"dateModified\":\"2026-03-27T05:18:46+00:00\",\"breadcrumb\":{\"@id\":\"https:\\\/\\\/masc-34.fr\\\/?page_id=71329#breadcrumb\"},\"inLanguage\":\"fr-FR\",\"potentialAction\":[{\"@type\":\"ReadAction\",\"target\":[\"https:\\\/\\\/masc-34.fr\\\/?page_id=71329\"]}]},{\"@type\":\"BreadcrumbList\",\"@id\":\"https:\\\/\\\/masc-34.fr\\\/?page_id=71329#breadcrumb\",\"itemListElement\":[{\"@type\":\"ListItem\",\"position\":1,\"name\":\"Accueil\",\"item\":\"https:\\\/\\\/masc-34.fr\\\/\"},{\"@type\":\"ListItem\",\"position\":2,\"name\":\"Mentions l\u00e9gales\"}]},{\"@type\":\"WebSite\",\"@id\":\"https:\\\/\\\/masc-34.fr\\\/#website\",\"url\":\"https:\\\/\\\/masc-34.fr\\\/\",\"name\":\"MASC-34\",\"description\":\"Musique Arts Spectacle Culture\",\"publisher\":{\"@id\":\"https:\\\/\\\/masc-34.fr\\\/#organization\"},\"potentialAction\":[{\"@type\":\"SearchAction\",\"target\":{\"@type\":\"EntryPoint\",\"urlTemplate\":\"https:\\\/\\\/masc-34.fr\\\/?s={search_term_string}\"},\"query-input\":{\"@type\":\"PropertyValueSpecification\",\"valueRequired\":true,\"valueName\":\"search_term_string\"}}],\"inLanguage\":\"fr-FR\"},{\"@type\":\"Organization\",\"@id\":\"https:\\\/\\\/masc-34.fr\\\/#organization\",\"name\":\"Association MASC-34\",\"url\":\"https:\\\/\\\/masc-34.fr\\\/\",\"logo\":{\"@type\":\"ImageObject\",\"inLanguage\":\"fr-FR\",\"@id\":\"https:\\\/\\\/masc-34.fr\\\/#\\\/schema\\\/logo\\\/image\\\/\",\"url\":\"https:\\\/\\\/masc-34.fr\\\/wp-content\\\/uploads\\\/2022\\\/09\\\/Logo-MASC34-V5.png\",\"contentUrl\":\"https:\\\/\\\/masc-34.fr\\\/wp-content\\\/uploads\\\/2022\\\/09\\\/Logo-MASC34-V5.png\",\"width\":1922,\"height\":1974,\"caption\":\"Association MASC-34\"},\"image\":{\"@id\":\"https:\\\/\\\/masc-34.fr\\\/#\\\/schema\\\/logo\\\/image\\\/\"},\"sameAs\":[\"https:\\\/\\\/facebook.com\\\/MASC34\"]}]}<\/script>\n<!-- \/ Yoast SEO plugin. -->","yoast_head_json":{"title":"Mentions l\u00e9gales - MASC-34","robots":{"index":"index","follow":"follow","max-snippet":"max-snippet:-1","max-image-preview":"max-image-preview:large","max-video-preview":"max-video-preview:-1"},"canonical":"https:\/\/masc-34.fr\/?page_id=71329","og_locale":"fr_FR","og_type":"article","og_title":"Mentions l\u00e9gales - MASC-34","og_description":"Mentions l\u00e9galesNos mentions l\u00e9gales\u00c9diteur MASC-34 (Musique, Arts, Spectacle, Culture \u2013 34)Association loi 1901 T\u00e9l\u00e9phone : +33 7 70 00 01 41 E-mail : contact@masc-34.fr Conception site web Directeur de la publication :Georges Costa-Koch, Pr\u00e9sident de l\u2019association MASC-34 Georges &amp; C\u00e9dric Costa-Koch pour l'association MASC-34 H\u00e9bergement Soci\u00e9t\u00e9 GANDI H\u00e9bergement Le site est h\u00e9berg\u00e9 par : GandiGandi SAS63-65 boulevard Mass\u00e9na75013 Paris \u2013 France T\u00e9l\u00e9phone : +33 (0)1 70 37 76 61Site web : https:\/\/www.gandi.net Gestion des donn\u00e9es personnelles Conform\u00e9ment \u00e0 la loi \u00ab Informatique et Libert\u00e9s \u00bb, les personnes ayant fourni des informations personnelles ont un droit de regard total sur celles-ci. Pour exercer vos droits d\u2019acc\u00e8s et de modification sur ces donn\u00e9es, envoyer un courrier \u00e9lectronique \u00e0 l\u2019\u00e9diteur. De plus, aucune information personnelle n\u2019est collect\u00e9e \u00e0 l\u2019insu des utilisateurs du site, ni c\u00e9d\u00e9e \u00e0 des tiers, ni utilis\u00e9e \u00e0 des fins personnelles Propri\u00e9t\u00e9 L\u2019ensemble de ce site est r\u00e9gi par la l\u00e9gislation fran\u00e7aise sur le droit d\u2019auteur et la propri\u00e9t\u00e9 intellectuelle. Le contenu du site, incluant, de fa\u00e7on non limitative, les images, graphismes, textes, vid\u00e9os, logos, et ic\u00f4nes sont la propri\u00e9t\u00e9 exclusive de l'\u00e9diteur de ce site web \u00e0 l\u2019exception des marques, logos ou contenus appartenant \u00e0 d\u2019autres soci\u00e9t\u00e9s partenaires ou [&hellip;]","og_url":"https:\/\/masc-34.fr\/?page_id=71329","og_site_name":"MASC-34","article_publisher":"https:\/\/facebook.com\/MASC34","article_modified_time":"2026-03-27T05:18:46+00:00","twitter_card":"summary_large_image","schema":{"@context":"https:\/\/schema.org","@graph":[{"@type":"WebPage","@id":"https:\/\/masc-34.fr\/?page_id=71329","url":"https:\/\/masc-34.fr\/?page_id=71329","name":"Mentions l\u00e9gales - MASC-34","isPartOf":{"@id":"https:\/\/masc-34.fr\/#website"},"datePublished":"2024-07-25T08:48:17+00:00","dateModified":"2026-03-27T05:18:46+00:00","breadcrumb":{"@id":"https:\/\/masc-34.fr\/?page_id=71329#breadcrumb"},"inLanguage":"fr-FR","potentialAction":[{"@type":"ReadAction","target":["https:\/\/masc-34.fr\/?page_id=71329"]}]},{"@type":"BreadcrumbList","@id":"https:\/\/masc-34.fr\/?page_id=71329#breadcrumb","itemListElement":[{"@type":"ListItem","position":1,"name":"Accueil","item":"https:\/\/masc-34.fr\/"},{"@type":"ListItem","position":2,"name":"Mentions l\u00e9gales"}]},{"@type":"WebSite","@id":"https:\/\/masc-34.fr\/#website","url":"https:\/\/masc-34.fr\/","name":"MASC-34","description":"Musique Arts Spectacle Culture","publisher":{"@id":"https:\/\/masc-34.fr\/#organization"},"potentialAction":[{"@type":"SearchAction","target":{"@type":"EntryPoint","urlTemplate":"https:\/\/masc-34.fr\/?s={search_term_string}"},"query-input":{"@type":"PropertyValueSpecification","valueRequired":true,"valueName":"search_term_string"}}],"inLanguage":"fr-FR"},{"@type":"Organization","@id":"https:\/\/masc-34.fr\/#organization","name":"Association MASC-34","url":"https:\/\/masc-34.fr\/","logo":{"@type":"ImageObject","inLanguage":"fr-FR","@id":"https:\/\/masc-34.fr\/#\/schema\/logo\/image\/","url":"https:\/\/masc-34.fr\/wp-content\/uploads\/2022\/09\/Logo-MASC34-V5.png","contentUrl":"https:\/\/masc-34.fr\/wp-content\/uploads\/2022\/09\/Logo-MASC34-V5.png","width":1922,"height":1974,"caption":"Association MASC-34"},"image":{"@id":"https:\/\/masc-34.fr\/#\/schema\/logo\/image\/"},"sameAs":["https:\/\/facebook.com\/MASC34"]}]}},"_links":{"self":[{"href":"https:\/\/masc-34.fr\/index.php?rest_route=\/wp\/v2\/pages\/71329","targetHints":{"allow":["GET"]}}],"collection":[{"href":"https:\/\/masc-34.fr\/index.php?rest_route=\/wp\/v2\/pages"}],"about":[{"href":"https:\/\/masc-34.fr\/index.php?rest_route=\/wp\/v2\/types\/page"}],"author":[{"embeddable":true,"href":"https:\/\/masc-34.fr\/index.php?rest_route=\/wp\/v2\/users\/1"}],"replies":[{"embeddable":true,"href":"https:\/\/masc-34.fr\/index.php?rest_route=%2Fwp%2Fv2%2Fcomments&post=71329"}],"version-history":[{"count":7,"href":"https:\/\/masc-34.fr\/index.php?rest_route=\/wp\/v2\/pages\/71329\/revisions"}],"predecessor-version":[{"id":72174,"href":"https:\/\/masc-34.fr\/index.php?rest_route=\/wp\/v2\/pages\/71329\/revisions\/72174"}],"wp:attachment":[{"href":"https:\/\/masc-34.fr\/index.php?rest_route=%2Fwp%2Fv2%2Fmedia&parent=71329"}],"curies":[{"name":"wp","href":"https:\/\/api.w.org\/{rel}","templated":true}]}}