{"id":71367,"date":"2024-07-26T14:27:58","date_gmt":"2024-07-26T12:27:58","guid":{"rendered":"https:\/\/masc-34.fr\/?page_id=71367"},"modified":"2025-08-26T15:15:19","modified_gmt":"2025-08-26T13:15:19","slug":"theatre-2","status":"publish","type":"page","link":"https:\/\/masc-34.fr\/?page_id=71367","title":{"rendered":"Th\u00e9\u00e2tre"},"content":{"rendered":"<p>[et_pb_section fb_built=\u00a0\u00bb1&Prime; custom_padding_last_edited=\u00a0\u00bbon|tablet\u00a0\u00bb _builder_version=\u00a0\u00bb4.27.0&Prime; _module_preset=\u00a0\u00bbdefault\u00a0\u00bb background_color=\u00a0\u00bb#161515&Prime; background_image=\u00a0\u00bbhttps:\/\/masc-34.fr\/wp-content\/uploads\/2025\/08\/fond-ecran-web-etoiles.png\u00a0\u00bb background_position=\u00a0\u00bbtop_right\u00a0\u00bb custom_margin=\u00a0\u00bb0px||0px||false|false\u00a0\u00bb custom_padding=\u00a0\u00bb||140px||false|false\u00a0\u00bb custom_padding_tablet=\u00a0\u00bb120px||120px||false|false\u00a0\u00bb custom_padding_phone=\u00a0\u00bb90px||90px||false|false\u00a0\u00bb hover_enabled=\u00a0\u00bb0&Prime; global_colors_info=\u00a0\u00bb{}\u00a0\u00bb title_text=\u00a0\u00bbfond ecran web &#8211; etoiles\u00a0\u00bb sticky_enabled=\u00a0\u00bb0&Prime;][et_pb_row _builder_version=\u00a0\u00bb4.27.0&Prime; _module_preset=\u00a0\u00bbdefault\u00a0\u00bb custom_margin=\u00a0\u00bb||||false|false\u00a0\u00bb custom_padding=\u00a0\u00bb95px||||false|false\u00a0\u00bb global_colors_info=\u00a0\u00bb{}\u00a0\u00bb][et_pb_column type=\u00a0\u00bb4_4&Prime; _builder_version=\u00a0\u00bb4.27.0&Prime; _module_preset=\u00a0\u00bbdefault\u00a0\u00bb global_colors_info=\u00a0\u00bb{}\u00a0\u00bb][et_pb_text _builder_version=\u00a0\u00bb4.27.0&Prime; _module_preset=\u00a0\u00bbdefault\u00a0\u00bb text_font=\u00a0\u00bb|||on|||||\u00a0\u00bb header_4_font=\u00a0\u00bbJost|||on|||||\u00a0\u00bb header_4_text_align=\u00a0\u00bbcenter\u00a0\u00bb header_4_text_color=\u00a0\u00bb#fcfcfc\u00a0\u00bb header_4_font_size=\u00a0\u00bb14px\u00a0\u00bb header_4_letter_spacing=\u00a0\u00bb1.8px\u00a0\u00bb header_4_line_height=\u00a0\u00bb1.2em\u00a0\u00bb custom_margin=\u00a0\u00bb0px||9px||false|false\u00a0\u00bb custom_padding=\u00a0\u00bb0px||0px||false|false\u00a0\u00bb global_colors_info=\u00a0\u00bb{}\u00a0\u00bb]<\/p>\n<h4>Th\u00e9\u00e2tre<\/h4>\n<p>[\/et_pb_text][et_pb_text _builder_version=\u00a0\u00bb4.27.0&Prime; _module_preset=\u00a0\u00bbdefault\u00a0\u00bb header_2_font=\u00a0\u00bbJost||||||||\u00a0\u00bb header_2_text_align=\u00a0\u00bbcenter\u00a0\u00bb header_2_text_color=\u00a0\u00bb#fcfcfc\u00a0\u00bb header_2_font_size=\u00a0\u00bb55px\u00a0\u00bb header_2_line_height=\u00a0\u00bb1.1em\u00a0\u00bb custom_margin=\u00a0\u00bb0px||0px||false|false\u00a0\u00bb custom_padding=\u00a0\u00bb0px||0px||false|false\u00a0\u00bb header_2_font_size_tablet=\u00a0\u00bb55px\u00a0\u00bb header_2_font_size_phone=\u00a0\u00bb32px\u00a0\u00bb header_2_font_size_last_edited=\u00a0\u00bbon|phone\u00a0\u00bb global_colors_info=\u00a0\u00bb{}\u00a0\u00bb]<\/p>\n<h2>L&rsquo;illustre Atelier du th\u00e9\u00e2tre<\/h2>\n<p>[\/et_pb_text][\/et_pb_column][\/et_pb_row][et_pb_row column_structure=\u00a0\u00bb1_4,3_4&Prime; _builder_version=\u00a0\u00bb4.27.0&Prime; _module_preset=\u00a0\u00bbdefault\u00a0\u00bb global_colors_info=\u00a0\u00bb{}\u00a0\u00bb][et_pb_column type=\u00a0\u00bb1_4&Prime; _builder_version=\u00a0\u00bb4.27.0&Prime; _module_preset=\u00a0\u00bbdefault\u00a0\u00bb global_colors_info=\u00a0\u00bb{}\u00a0\u00bb][et_pb_text _builder_version=\u00a0\u00bb4.27.4&Prime; _module_preset=\u00a0\u00bbdefault\u00a0\u00bb text_text_color=\u00a0\u00bb#FFFFFF\u00a0\u00bb global_colors_info=\u00a0\u00bb{}\u00a0\u00bb]<\/p>\n<p><strong>D\u00e9but des cours de th\u00e9\u00e2tre Mercredi 3 septembre 2025<br \/>\n\u00e0 18 h 00<\/strong><\/p>\n<p>Rendez-vous 16 rue Gambetta 34260 Graissessac<br \/>\nGrand Caf\u00e9 Mounis,<br \/>\nmise \u00e0 disposition par<br \/>\nle Grand Orb.<\/p>\n<\/p>\n<p>[\/et_pb_text][et_pb_image src=\u00a0\u00bbhttps:\/\/masc-34.fr\/wp-content\/uploads\/2024\/07\/IMG_6393.jpg\u00a0\u00bb title_text=\u00a0\u00bbIMG_6393&Prime; _builder_version=\u00a0\u00bb4.27.0&Prime; _module_preset=\u00a0\u00bbdefault\u00a0\u00bb global_colors_info=\u00a0\u00bb{}\u00a0\u00bb][\/et_pb_image][et_pb_image src=\u00a0\u00bbhttps:\/\/masc-34.fr\/wp-content\/uploads\/2024\/07\/52253F82-5ECD-4A80-85E2-DB4CB75DA35920221102_192534-2.jpg\u00a0\u00bb title_text=\u00a0\u00bb52253F82-5ECD-4A80-85E2-DB4CB75DA35920221102_192534&Prime; _builder_version=\u00a0\u00bb4.27.0&Prime; _module_preset=\u00a0\u00bbdefault\u00a0\u00bb global_colors_info=\u00a0\u00bb{}\u00a0\u00bb][\/et_pb_image][et_pb_image src=\u00a0\u00bbhttps:\/\/masc-34.fr\/wp-content\/uploads\/2024\/07\/9C797E8E-A5DB-4C17-9A0B-D56C5973334BP1260461.jpg\u00a0\u00bb title_text=\u00a0\u00bb9C797E8E-A5DB-4C17-9A0B-D56C5973334BP1260461&Prime; _builder_version=\u00a0\u00bb4.27.0&Prime; _module_preset=\u00a0\u00bbdefault\u00a0\u00bb global_colors_info=\u00a0\u00bb{}\u00a0\u00bb][\/et_pb_image][\/et_pb_column][et_pb_column type=\u00a0\u00bb3_4&Prime; _builder_version=\u00a0\u00bb4.27.0&Prime; _module_preset=\u00a0\u00bbdefault\u00a0\u00bb global_colors_info=\u00a0\u00bb{}\u00a0\u00bb][et_pb_text _builder_version=\u00a0\u00bb4.27.0&Prime; _module_preset=\u00a0\u00bbdefault\u00a0\u00bb text_text_color=\u00a0\u00bb#FFFFFF\u00a0\u00bb width=\u00a0\u00bb100%\u00a0\u00bb global_colors_info=\u00a0\u00bb{}\u00a0\u00bb]<\/p>\n<p><strong>Rejoignez l&rsquo;Illustre Atelier du Th\u00e9\u00e2tre et lib\u00e9rez l&rsquo;acteur qui est en vous !\u00a0<\/strong><\/p>\n<p>L&rsquo;Illustre Atelier du Th\u00e9\u00e2tre vous invite \u00e0 participer \u00e0 ses ateliers hebdomadaires, o\u00f9 vous pourrez d\u00e9couvrir et pratiquer les techniques de com\u00e9die et d&rsquo;improvisation dans une ambiance conviviale et stimulante. Que vous soyez d\u00e9butant ou acteur confirm\u00e9, ces ateliers sont con\u00e7us pour vous aider \u00e0 d\u00e9velopper votre confiance en vous, am\u00e9liorer votre diction et renforcer votre pr\u00e9sence sur sc\u00e8ne.\u00a0<\/p>\n<p>&nbsp;<\/p>\n<p><strong>Techniques de Com\u00e9die et d&rsquo;Improvisation\u00a0<\/strong><\/p>\n<p>Nos ateliers mettent l&rsquo;accent sur des exercices vari\u00e9s et dynamiques, incluant :<\/p>\n<p>&#8211; L&rsquo;improvisation : Apprenez \u00e0 penser rapidement, \u00e0 r\u00e9agir spontan\u00e9ment et \u00e0 cr\u00e9er des sc\u00e8nes captivantes sur le vif. L&rsquo;improvisation est une excellente mani\u00e8re de renforcer la confiance en soi et de d\u00e9velopper la cr\u00e9ativit\u00e9.<\/p>\n<p>&#8211; La diction : Travaillez votre articulation, votre prononciation et votre projection vocale pour \u00eatre entendu et compris de tous. Une bonne diction est essentielle pour tout acteur.<\/p>\n<p>&#8211; La pr\u00e9sence sur sc\u00e8ne : Apprenez \u00e0 occuper l&rsquo;espace, \u00e0 utiliser votre corps et \u00e0 exprimer des \u00e9motions de mani\u00e8re authentique. La pr\u00e9sence sc\u00e9nique est cruciale pour captiver le public et transmettre des messages forts.\u00a0<\/p>\n<p>&nbsp;<\/p>\n<p><strong>D\u00e9couverte de Diff\u00e9rents Styles de Jeu d&rsquo;Acteur<\/strong>\u00a0<\/p>\n<p>Au fil des ateliers, vous aurez l&rsquo;occasion d&rsquo;explorer et de vous exercer \u00e0 diff\u00e9rents styles de jeu d&rsquo;acteur, tels que :<\/p>\n<p>&#8211; Le th\u00e9\u00e2tre classique : Plongez dans les \u0153uvres intemporelles de Shakespeare, Moli\u00e8re et autres grands dramaturges, et d\u00e9couvrez les techniques traditionnelles du jeu d&rsquo;acteur.<\/p>\n<p>&#8211; Le th\u00e9\u00e2tre contemporain : Exp\u00e9rimentez des pi\u00e8ces modernes et des styles de jeu actuels, adapt\u00e9s aux enjeux et aux sensibilit\u00e9s de notre \u00e9poque.<\/p>\n<p>&#8211; La com\u00e9die : Apprenez les subtilit\u00e9s du timing comique, de l&rsquo;humour physique et des jeux de mots pour faire rire votre public.<\/p>\n<p>&#8211; Le drame : Explorez les \u00e9motions profondes et les situations intenses qui caract\u00e9risent les pi\u00e8ces dramatiques, et apprenez \u00e0 les interpr\u00e9ter avec justesse et sensibilit\u00e9.\u00a0<\/p>\n<p>&nbsp;<\/p>\n<p><strong>Pourquoi Participer ?<\/strong><\/p>\n<p>&#8211; D\u00e9veloppement Personnel : Renforcez votre confiance en vous et am\u00e9liorez vos comp\u00e9tences en communication.<\/p>\n<p>&#8211; Expression Artistique : Lib\u00e9rez votre cr\u00e9ativit\u00e9 et explorez de nouveaux moyens d&rsquo;expression.<\/p>\n<p>&#8211; Esprit de Groupe : Travaillez en \u00e9quipe et cr\u00e9ez des liens forts avec d&rsquo;autres passionn\u00e9s de th\u00e9\u00e2tre.<\/p>\n<p>&#8211; \u00c9panouissement Personnel : D\u00e9couvrez une nouvelle passion ou approfondissez votre amour du th\u00e9\u00e2tre dans une ambiance accueillante et bienveillante.\u00a0<\/p>\n<p>&nbsp;<\/p>\n<p><strong>Fr\u00e9quence et Lieu des Ateliers\u00a0<\/strong><\/p>\n<p>Les ateliers de l&rsquo;Illustre Atelier du Th\u00e9\u00e2tre se d\u00e9roulent chaque semaine au si\u00e8ge de l&rsquo;association MASC-34. Ils offrent une parenth\u00e8se artistique r\u00e9guli\u00e8re pour vous perfectionner et vous \u00e9panouir.\u00a0<\/p>\n<p>&nbsp;<\/p>\n<p><strong>Rejoignez-nous !\u00a0<\/strong><\/p>\n<p>Ne manquez pas cette opportunit\u00e9 unique de d\u00e9velopper vos talents d&rsquo;acteur et de partager votre passion pour le th\u00e9\u00e2tre. Pour plus d&rsquo;informations et pour conna\u00eetre les dates des prochains ateliers, rendez-vous sur notre site web ou contactez-nous directement.<\/p>\n<p>&nbsp;<\/p>\n<p>Nous avons h\u00e2te de vous accueillir et de cr\u00e9er ensemble des moments th\u00e9\u00e2traux inoubliables !<\/p>\n<p>&nbsp;<\/p>\n<p>[\/et_pb_text][\/et_pb_column][\/et_pb_row][\/et_pb_section]<\/p>\n","protected":false},"excerpt":{"rendered":"<p>Th\u00e9\u00e2treL&rsquo;illustre Atelier du th\u00e9\u00e2treD\u00e9but des cours de th\u00e9\u00e2tre Mercredi 3 septembre 2025 \u00e0 18 h 00 Rendez-vous 16 rue Gambetta 34260 Graissessac Grand Caf\u00e9 Mounis, mise \u00e0 disposition par le Grand Orb. Rejoignez l&rsquo;Illustre Atelier du Th\u00e9\u00e2tre et lib\u00e9rez l&rsquo;acteur qui est en vous !\u00a0 L&rsquo;Illustre Atelier du Th\u00e9\u00e2tre vous invite \u00e0 participer \u00e0 ses ateliers hebdomadaires, o\u00f9 vous pourrez d\u00e9couvrir et pratiquer les techniques de com\u00e9die et d&rsquo;improvisation dans une ambiance conviviale et stimulante. Que vous soyez d\u00e9butant ou acteur confirm\u00e9, ces ateliers sont con\u00e7us pour vous aider \u00e0 d\u00e9velopper votre confiance en vous, am\u00e9liorer votre diction et renforcer votre pr\u00e9sence sur sc\u00e8ne.\u00a0 &nbsp; Techniques de Com\u00e9die et d&rsquo;Improvisation\u00a0 Nos ateliers mettent l&rsquo;accent sur des exercices vari\u00e9s et dynamiques, incluant : &#8211; L&rsquo;improvisation : Apprenez \u00e0 penser rapidement, \u00e0 r\u00e9agir spontan\u00e9ment et \u00e0 cr\u00e9er des sc\u00e8nes captivantes sur le vif. L&rsquo;improvisation est une excellente mani\u00e8re de renforcer la confiance en soi et de d\u00e9velopper la cr\u00e9ativit\u00e9. &#8211; La diction : Travaillez votre articulation, votre prononciation et votre projection vocale pour \u00eatre entendu et compris de tous. Une bonne diction est essentielle pour tout acteur. &#8211; La pr\u00e9sence sur sc\u00e8ne : Apprenez \u00e0 occuper l&rsquo;espace, \u00e0 utiliser votre corps et [&hellip;]<\/p>\n","protected":false},"author":1,"featured_media":0,"parent":0,"menu_order":0,"comment_status":"closed","ping_status":"closed","template":"","meta":{"_et_pb_use_builder":"on","_et_pb_old_content":"","_et_gb_content_width":"","footnotes":""},"class_list":["post-71367","page","type-page","status-publish","hentry"],"yoast_head":"<!-- This site is optimized with the Yoast SEO plugin v27.4 - https:\/\/yoast.com\/product\/yoast-seo-wordpress\/ -->\n<title>Th\u00e9\u00e2tre - MASC-34<\/title>\n<meta name=\"robots\" content=\"index, follow, max-snippet:-1, max-image-preview:large, max-video-preview:-1\" \/>\n<link rel=\"canonical\" href=\"https:\/\/masc-34.fr\/?page_id=71367\" \/>\n<meta property=\"og:locale\" content=\"fr_FR\" \/>\n<meta property=\"og:type\" content=\"article\" \/>\n<meta property=\"og:title\" content=\"Th\u00e9\u00e2tre - MASC-34\" \/>\n<meta property=\"og:description\" content=\"Th\u00e9\u00e2treL&#039;illustre Atelier du th\u00e9\u00e2treD\u00e9but des cours de th\u00e9\u00e2tre Mercredi 3 septembre 2025 \u00e0 18 h 00 Rendez-vous 16 rue Gambetta 34260 Graissessac Grand Caf\u00e9 Mounis, mise \u00e0 disposition par le Grand Orb. Rejoignez l&#039;Illustre Atelier du Th\u00e9\u00e2tre et lib\u00e9rez l&#039;acteur qui est en vous !\u00a0 L&#039;Illustre Atelier du Th\u00e9\u00e2tre vous invite \u00e0 participer \u00e0 ses ateliers hebdomadaires, o\u00f9 vous pourrez d\u00e9couvrir et pratiquer les techniques de com\u00e9die et d&#039;improvisation dans une ambiance conviviale et stimulante. Que vous soyez d\u00e9butant ou acteur confirm\u00e9, ces ateliers sont con\u00e7us pour vous aider \u00e0 d\u00e9velopper votre confiance en vous, am\u00e9liorer votre diction et renforcer votre pr\u00e9sence sur sc\u00e8ne.\u00a0 &nbsp; Techniques de Com\u00e9die et d&#039;Improvisation\u00a0 Nos ateliers mettent l&#039;accent sur des exercices vari\u00e9s et dynamiques, incluant : - L&#039;improvisation : Apprenez \u00e0 penser rapidement, \u00e0 r\u00e9agir spontan\u00e9ment et \u00e0 cr\u00e9er des sc\u00e8nes captivantes sur le vif. L&#039;improvisation est une excellente mani\u00e8re de renforcer la confiance en soi et de d\u00e9velopper la cr\u00e9ativit\u00e9. - La diction : Travaillez votre articulation, votre prononciation et votre projection vocale pour \u00eatre entendu et compris de tous. Une bonne diction est essentielle pour tout acteur. - La pr\u00e9sence sur sc\u00e8ne : Apprenez \u00e0 occuper l&#039;espace, \u00e0 utiliser votre corps et [&hellip;]\" \/>\n<meta property=\"og:url\" content=\"https:\/\/masc-34.fr\/?page_id=71367\" \/>\n<meta property=\"og:site_name\" content=\"MASC-34\" \/>\n<meta property=\"article:publisher\" content=\"https:\/\/facebook.com\/MASC34\" \/>\n<meta property=\"article:modified_time\" content=\"2025-08-26T13:15:19+00:00\" \/>\n<meta name=\"twitter:card\" content=\"summary_large_image\" \/>\n<script type=\"application\/ld+json\" class=\"yoast-schema-graph\">{\"@context\":\"https:\\\/\\\/schema.org\",\"@graph\":[{\"@type\":\"WebPage\",\"@id\":\"https:\\\/\\\/masc-34.fr\\\/?page_id=71367\",\"url\":\"https:\\\/\\\/masc-34.fr\\\/?page_id=71367\",\"name\":\"Th\u00e9\u00e2tre - MASC-34\",\"isPartOf\":{\"@id\":\"https:\\\/\\\/masc-34.fr\\\/#website\"},\"datePublished\":\"2024-07-26T12:27:58+00:00\",\"dateModified\":\"2025-08-26T13:15:19+00:00\",\"breadcrumb\":{\"@id\":\"https:\\\/\\\/masc-34.fr\\\/?page_id=71367#breadcrumb\"},\"inLanguage\":\"fr-FR\",\"potentialAction\":[{\"@type\":\"ReadAction\",\"target\":[\"https:\\\/\\\/masc-34.fr\\\/?page_id=71367\"]}]},{\"@type\":\"BreadcrumbList\",\"@id\":\"https:\\\/\\\/masc-34.fr\\\/?page_id=71367#breadcrumb\",\"itemListElement\":[{\"@type\":\"ListItem\",\"position\":1,\"name\":\"Accueil\",\"item\":\"https:\\\/\\\/masc-34.fr\\\/\"},{\"@type\":\"ListItem\",\"position\":2,\"name\":\"Th\u00e9\u00e2tre\"}]},{\"@type\":\"WebSite\",\"@id\":\"https:\\\/\\\/masc-34.fr\\\/#website\",\"url\":\"https:\\\/\\\/masc-34.fr\\\/\",\"name\":\"MASC-34\",\"description\":\"Musique Arts Spectacle Culture\",\"publisher\":{\"@id\":\"https:\\\/\\\/masc-34.fr\\\/#organization\"},\"potentialAction\":[{\"@type\":\"SearchAction\",\"target\":{\"@type\":\"EntryPoint\",\"urlTemplate\":\"https:\\\/\\\/masc-34.fr\\\/?s={search_term_string}\"},\"query-input\":{\"@type\":\"PropertyValueSpecification\",\"valueRequired\":true,\"valueName\":\"search_term_string\"}}],\"inLanguage\":\"fr-FR\"},{\"@type\":\"Organization\",\"@id\":\"https:\\\/\\\/masc-34.fr\\\/#organization\",\"name\":\"Association MASC-34\",\"url\":\"https:\\\/\\\/masc-34.fr\\\/\",\"logo\":{\"@type\":\"ImageObject\",\"inLanguage\":\"fr-FR\",\"@id\":\"https:\\\/\\\/masc-34.fr\\\/#\\\/schema\\\/logo\\\/image\\\/\",\"url\":\"https:\\\/\\\/masc-34.fr\\\/wp-content\\\/uploads\\\/2022\\\/09\\\/Logo-MASC34-V5.png\",\"contentUrl\":\"https:\\\/\\\/masc-34.fr\\\/wp-content\\\/uploads\\\/2022\\\/09\\\/Logo-MASC34-V5.png\",\"width\":1922,\"height\":1974,\"caption\":\"Association MASC-34\"},\"image\":{\"@id\":\"https:\\\/\\\/masc-34.fr\\\/#\\\/schema\\\/logo\\\/image\\\/\"},\"sameAs\":[\"https:\\\/\\\/facebook.com\\\/MASC34\"]}]}<\/script>\n<!-- \/ Yoast SEO plugin. -->","yoast_head_json":{"title":"Th\u00e9\u00e2tre - MASC-34","robots":{"index":"index","follow":"follow","max-snippet":"max-snippet:-1","max-image-preview":"max-image-preview:large","max-video-preview":"max-video-preview:-1"},"canonical":"https:\/\/masc-34.fr\/?page_id=71367","og_locale":"fr_FR","og_type":"article","og_title":"Th\u00e9\u00e2tre - MASC-34","og_description":"Th\u00e9\u00e2treL'illustre Atelier du th\u00e9\u00e2treD\u00e9but des cours de th\u00e9\u00e2tre Mercredi 3 septembre 2025 \u00e0 18 h 00 Rendez-vous 16 rue Gambetta 34260 Graissessac Grand Caf\u00e9 Mounis, mise \u00e0 disposition par le Grand Orb. Rejoignez l'Illustre Atelier du Th\u00e9\u00e2tre et lib\u00e9rez l'acteur qui est en vous !\u00a0 L'Illustre Atelier du Th\u00e9\u00e2tre vous invite \u00e0 participer \u00e0 ses ateliers hebdomadaires, o\u00f9 vous pourrez d\u00e9couvrir et pratiquer les techniques de com\u00e9die et d'improvisation dans une ambiance conviviale et stimulante. Que vous soyez d\u00e9butant ou acteur confirm\u00e9, ces ateliers sont con\u00e7us pour vous aider \u00e0 d\u00e9velopper votre confiance en vous, am\u00e9liorer votre diction et renforcer votre pr\u00e9sence sur sc\u00e8ne.\u00a0 &nbsp; Techniques de Com\u00e9die et d'Improvisation\u00a0 Nos ateliers mettent l'accent sur des exercices vari\u00e9s et dynamiques, incluant : - L'improvisation : Apprenez \u00e0 penser rapidement, \u00e0 r\u00e9agir spontan\u00e9ment et \u00e0 cr\u00e9er des sc\u00e8nes captivantes sur le vif. L'improvisation est une excellente mani\u00e8re de renforcer la confiance en soi et de d\u00e9velopper la cr\u00e9ativit\u00e9. - La diction : Travaillez votre articulation, votre prononciation et votre projection vocale pour \u00eatre entendu et compris de tous. Une bonne diction est essentielle pour tout acteur. - La pr\u00e9sence sur sc\u00e8ne : Apprenez \u00e0 occuper l'espace, \u00e0 utiliser votre corps et [&hellip;]","og_url":"https:\/\/masc-34.fr\/?page_id=71367","og_site_name":"MASC-34","article_publisher":"https:\/\/facebook.com\/MASC34","article_modified_time":"2025-08-26T13:15:19+00:00","twitter_card":"summary_large_image","schema":{"@context":"https:\/\/schema.org","@graph":[{"@type":"WebPage","@id":"https:\/\/masc-34.fr\/?page_id=71367","url":"https:\/\/masc-34.fr\/?page_id=71367","name":"Th\u00e9\u00e2tre - MASC-34","isPartOf":{"@id":"https:\/\/masc-34.fr\/#website"},"datePublished":"2024-07-26T12:27:58+00:00","dateModified":"2025-08-26T13:15:19+00:00","breadcrumb":{"@id":"https:\/\/masc-34.fr\/?page_id=71367#breadcrumb"},"inLanguage":"fr-FR","potentialAction":[{"@type":"ReadAction","target":["https:\/\/masc-34.fr\/?page_id=71367"]}]},{"@type":"BreadcrumbList","@id":"https:\/\/masc-34.fr\/?page_id=71367#breadcrumb","itemListElement":[{"@type":"ListItem","position":1,"name":"Accueil","item":"https:\/\/masc-34.fr\/"},{"@type":"ListItem","position":2,"name":"Th\u00e9\u00e2tre"}]},{"@type":"WebSite","@id":"https:\/\/masc-34.fr\/#website","url":"https:\/\/masc-34.fr\/","name":"MASC-34","description":"Musique Arts Spectacle Culture","publisher":{"@id":"https:\/\/masc-34.fr\/#organization"},"potentialAction":[{"@type":"SearchAction","target":{"@type":"EntryPoint","urlTemplate":"https:\/\/masc-34.fr\/?s={search_term_string}"},"query-input":{"@type":"PropertyValueSpecification","valueRequired":true,"valueName":"search_term_string"}}],"inLanguage":"fr-FR"},{"@type":"Organization","@id":"https:\/\/masc-34.fr\/#organization","name":"Association MASC-34","url":"https:\/\/masc-34.fr\/","logo":{"@type":"ImageObject","inLanguage":"fr-FR","@id":"https:\/\/masc-34.fr\/#\/schema\/logo\/image\/","url":"https:\/\/masc-34.fr\/wp-content\/uploads\/2022\/09\/Logo-MASC34-V5.png","contentUrl":"https:\/\/masc-34.fr\/wp-content\/uploads\/2022\/09\/Logo-MASC34-V5.png","width":1922,"height":1974,"caption":"Association MASC-34"},"image":{"@id":"https:\/\/masc-34.fr\/#\/schema\/logo\/image\/"},"sameAs":["https:\/\/facebook.com\/MASC34"]}]}},"_links":{"self":[{"href":"https:\/\/masc-34.fr\/index.php?rest_route=\/wp\/v2\/pages\/71367","targetHints":{"allow":["GET"]}}],"collection":[{"href":"https:\/\/masc-34.fr\/index.php?rest_route=\/wp\/v2\/pages"}],"about":[{"href":"https:\/\/masc-34.fr\/index.php?rest_route=\/wp\/v2\/types\/page"}],"author":[{"embeddable":true,"href":"https:\/\/masc-34.fr\/index.php?rest_route=\/wp\/v2\/users\/1"}],"replies":[{"embeddable":true,"href":"https:\/\/masc-34.fr\/index.php?rest_route=%2Fwp%2Fv2%2Fcomments&post=71367"}],"version-history":[{"count":8,"href":"https:\/\/masc-34.fr\/index.php?rest_route=\/wp\/v2\/pages\/71367\/revisions"}],"predecessor-version":[{"id":72093,"href":"https:\/\/masc-34.fr\/index.php?rest_route=\/wp\/v2\/pages\/71367\/revisions\/72093"}],"wp:attachment":[{"href":"https:\/\/masc-34.fr\/index.php?rest_route=%2Fwp%2Fv2%2Fmedia&parent=71367"}],"curies":[{"name":"wp","href":"https:\/\/api.w.org\/{rel}","templated":true}]}}