{"id":71379,"date":"2024-07-26T14:40:54","date_gmt":"2024-07-26T12:40:54","guid":{"rendered":"https:\/\/masc-34.fr\/?page_id=71379"},"modified":"2025-08-26T15:15:36","modified_gmt":"2025-08-26T13:15:36","slug":"ateliers-creatifs","status":"publish","type":"page","link":"https:\/\/masc-34.fr\/?page_id=71379","title":{"rendered":"Ateliers cr\u00e9atifs"},"content":{"rendered":"<p>[et_pb_section fb_built=\u00a0\u00bb1&Prime; custom_padding_last_edited=\u00a0\u00bbon|tablet\u00a0\u00bb _builder_version=\u00a0\u00bb4.27.4&Prime; _module_preset=\u00a0\u00bbdefault\u00a0\u00bb background_color=\u00a0\u00bb#161515&Prime; background_image=\u00a0\u00bbhttps:\/\/masc-34.fr\/wp-content\/uploads\/2025\/08\/fond-ecran-web-etoiles.png\u00a0\u00bb background_position=\u00a0\u00bbtop_right\u00a0\u00bb custom_margin=\u00a0\u00bb0px||0px||false|false\u00a0\u00bb custom_padding=\u00a0\u00bb||140px||false|false\u00a0\u00bb custom_padding_tablet=\u00a0\u00bb120px||120px||false|false\u00a0\u00bb custom_padding_phone=\u00a0\u00bb90px||90px||false|false\u00a0\u00bb hover_enabled=\u00a0\u00bb0&Prime; global_colors_info=\u00a0\u00bb{}\u00a0\u00bb title_text=\u00a0\u00bbfond ecran web &#8211; etoiles\u00a0\u00bb sticky_enabled=\u00a0\u00bb0&Prime;][et_pb_row _builder_version=\u00a0\u00bb4.27.0&Prime; _module_preset=\u00a0\u00bbdefault\u00a0\u00bb custom_margin=\u00a0\u00bb||||false|false\u00a0\u00bb custom_padding=\u00a0\u00bb95px||||false|false\u00a0\u00bb global_colors_info=\u00a0\u00bb{}\u00a0\u00bb][et_pb_column type=\u00a0\u00bb4_4&Prime; _builder_version=\u00a0\u00bb4.27.0&Prime; _module_preset=\u00a0\u00bbdefault\u00a0\u00bb global_colors_info=\u00a0\u00bb{}\u00a0\u00bb][et_pb_text _builder_version=\u00a0\u00bb4.27.0&Prime; _module_preset=\u00a0\u00bbdefault\u00a0\u00bb text_font=\u00a0\u00bb|||on|||||\u00a0\u00bb header_4_font=\u00a0\u00bbJost|||on|||||\u00a0\u00bb header_4_text_align=\u00a0\u00bbcenter\u00a0\u00bb header_4_text_color=\u00a0\u00bb#fcfcfc\u00a0\u00bb header_4_font_size=\u00a0\u00bb14px\u00a0\u00bb header_4_letter_spacing=\u00a0\u00bb1.8px\u00a0\u00bb header_4_line_height=\u00a0\u00bb1.2em\u00a0\u00bb custom_margin=\u00a0\u00bb0px||9px||false|false\u00a0\u00bb custom_padding=\u00a0\u00bb0px||0px||false|false\u00a0\u00bb global_colors_info=\u00a0\u00bb{}\u00a0\u00bb]<\/p>\n<h4>Ateliers cr\u00e9atifs<\/h4>\n<p>[\/et_pb_text][et_pb_text _builder_version=\u00a0\u00bb4.27.0&Prime; _module_preset=\u00a0\u00bbdefault\u00a0\u00bb header_2_font=\u00a0\u00bbJost||||||||\u00a0\u00bb header_2_text_align=\u00a0\u00bbcenter\u00a0\u00bb header_2_text_color=\u00a0\u00bb#fcfcfc\u00a0\u00bb header_2_font_size=\u00a0\u00bb55px\u00a0\u00bb header_2_line_height=\u00a0\u00bb1.1em\u00a0\u00bb custom_margin=\u00a0\u00bb0px||0px||false|false\u00a0\u00bb custom_padding=\u00a0\u00bb0px||0px||false|false\u00a0\u00bb header_2_font_size_tablet=\u00a0\u00bb55px\u00a0\u00bb header_2_font_size_phone=\u00a0\u00bb32px\u00a0\u00bb header_2_font_size_last_edited=\u00a0\u00bbon|phone\u00a0\u00bb global_colors_info=\u00a0\u00bb{}\u00a0\u00bb]<\/p>\n<h2>Nos Ateliers Cr\u00e9atifs<\/h2>\n<p>[\/et_pb_text][\/et_pb_column][\/et_pb_row][et_pb_row column_structure=\u00a0\u00bb1_4,3_4&Prime; _builder_version=\u00a0\u00bb4.27.0&Prime; _module_preset=\u00a0\u00bbdefault\u00a0\u00bb global_colors_info=\u00a0\u00bb{}\u00a0\u00bb][et_pb_column type=\u00a0\u00bb1_4&Prime; _builder_version=\u00a0\u00bb4.27.0&Prime; _module_preset=\u00a0\u00bbdefault\u00a0\u00bb global_colors_info=\u00a0\u00bb{}\u00a0\u00bb][et_pb_text _builder_version=\u00a0\u00bb4.27.0&Prime; _module_preset=\u00a0\u00bbdefault\u00a0\u00bb text_text_color=\u00a0\u00bb#FFFFFF\u00a0\u00bb global_colors_info=\u00a0\u00bb{}\u00a0\u00bb]<\/p>\n<p><strong>D\u00e9but des ateliers cr\u00e9atifs les lundis 1 septembre 2025 \u00e0 15 h<\/strong><\/p>\n<p>Rendez-vous au si\u00e8ge de l&rsquo;association MASC-34, tous les lundis apr\u00e8s midi de 15h \u00e0 17h<\/p>\n<p>5 rue Sainte Barbe 34260 Graissessac<\/p>\n<p>[\/et_pb_text][et_pb_image src=\u00a0\u00bbhttps:\/\/masc-34.fr\/wp-content\/uploads\/2024\/07\/Ateliers_creatifs.jpg\u00a0\u00bb title_text=\u00a0\u00bbAteliers_creatifs\u00a0\u00bb _builder_version=\u00a0\u00bb4.27.0&Prime; _module_preset=\u00a0\u00bbdefault\u00a0\u00bb global_colors_info=\u00a0\u00bb{}\u00a0\u00bb][\/et_pb_image][et_pb_image src=\u00a0\u00bbhttps:\/\/masc-34.fr\/wp-content\/uploads\/2024\/07\/IMG_4437-rotated.jpg\u00a0\u00bb title_text=\u00a0\u00bbIMG_4437&Prime; _builder_version=\u00a0\u00bb4.27.0&Prime; _module_preset=\u00a0\u00bbdefault\u00a0\u00bb global_colors_info=\u00a0\u00bb{}\u00a0\u00bb][\/et_pb_image][et_pb_image src=\u00a0\u00bbhttps:\/\/masc-34.fr\/wp-content\/uploads\/2024\/07\/IMG_4443-rotated.jpg\u00a0\u00bb title_text=\u00a0\u00bbIMG_4443&Prime; _builder_version=\u00a0\u00bb4.27.0&Prime; _module_preset=\u00a0\u00bbdefault\u00a0\u00bb global_colors_info=\u00a0\u00bb{}\u00a0\u00bb][\/et_pb_image][et_pb_image src=\u00a0\u00bbhttps:\/\/masc-34.fr\/wp-content\/uploads\/2024\/07\/IMG_4438-rotated.jpg\u00a0\u00bb title_text=\u00a0\u00bbIMG_4438&Prime; _builder_version=\u00a0\u00bb4.27.0&Prime; _module_preset=\u00a0\u00bbdefault\u00a0\u00bb global_colors_info=\u00a0\u00bb{}\u00a0\u00bb][\/et_pb_image][\/et_pb_column][et_pb_column type=\u00a0\u00bb3_4&Prime; _builder_version=\u00a0\u00bb4.27.0&Prime; _module_preset=\u00a0\u00bbdefault\u00a0\u00bb global_colors_info=\u00a0\u00bb{}\u00a0\u00bb][et_pb_text _builder_version=\u00a0\u00bb4.27.0&Prime; _module_preset=\u00a0\u00bbdefault\u00a0\u00bb text_text_color=\u00a0\u00bb#FFFFFF\u00a0\u00bb width=\u00a0\u00bb100%\u00a0\u00bb global_colors_info=\u00a0\u00bb{}\u00a0\u00bb]<\/p>\n<p><strong>Laissez libre cours \u00e0 votre cr\u00e9ativit\u00e9 avec les ateliers cr\u00e9atifs de MASC-34 !<\/strong>\u00a0<\/p>\n<p>Chaque semaine, l&rsquo;association MASC-34 vous invite \u00e0 participer \u00e0 ses ateliers cr\u00e9atifs, un espace o\u00f9 vous pouvez explorer et pratiquer diff\u00e9rentes techniques artistiques. Que vous souhaitiez cr\u00e9er des costumes, des d\u00e9cors ou simplement vous adonner \u00e0 l&rsquo;art pour le plaisir, nos ateliers sont con\u00e7us pour nourrir votre cr\u00e9ativit\u00e9 dans une ambiance d\u00e9tendue et conviviale.<\/p>\n<p>&nbsp;<\/p>\n<p><strong>D\u00e9couvrez une Vaste Gamme de Techniques Artistiques\u00a0<\/strong><\/p>\n<p>Nos ateliers vous offrent l&rsquo;opportunit\u00e9 d&rsquo;exp\u00e9rimenter diverses formes d&rsquo;art, notamment :<\/p>\n<p>&#8211; Cr\u00e9ation de costumes : Apprenez \u00e0 concevoir et \u00e0 r\u00e9aliser des costumes pour le th\u00e9\u00e2tre, les f\u00eates ou vos projets personnels. Explorez le design, la couture et les finitions pour donner vie \u00e0 vos id\u00e9es.<\/p>\n<p>&#8211; D\u00e9coration et d\u00e9cors : Participez \u00e0 la cr\u00e9ation de d\u00e9cors pour des spectacles, des \u00e9v\u00e9nements ou des projets artistiques. D\u00e9couvrez les techniques de peinture, de construction et de mise en sc\u00e8ne pour transformer les espaces.<\/p>\n<p>&#8211; Arts plastiques et artisanat : Essayez-vous \u00e0 la peinture, au dessin, \u00e0 la sculpture, \u00e0 la poterie et \u00e0 bien d&rsquo;autres formes d&rsquo;art. Ces ateliers sont parfaits pour exprimer votre cr\u00e9ativit\u00e9 et d\u00e9velopper vos comp\u00e9tences artistiques.<\/p>\n<p>&nbsp;<\/p>\n<p><strong>Une Ambiance Propice \u00e0 la Cr\u00e9ation et \u00e0 la Discussion\u00a0<\/strong><\/p>\n<p>Chez MASC-34, nous croyons que la cr\u00e9ativit\u00e9 s&rsquo;\u00e9panouit dans un environnement accueillant et inspirant. Nos ateliers cr\u00e9atifs sont l&rsquo;occasion de :<\/p>\n<p>&#8211; \u00c9changer des id\u00e9es : Discutez de vos projets et de vos inspirations avec d&rsquo;autres participants et b\u00e9n\u00e9ficiez de leurs conseils et de leur soutien.<\/p>\n<p>&#8211; Collaborer : Travaillez ensemble sur des projets communs, partagez vos comp\u00e9tences et apprenez des autres.<\/p>\n<p>&#8211; D\u00e9tente et plaisir : Profitez d&rsquo;un moment de d\u00e9tente et de plaisir dans une ambiance amicale et stimulante.<\/p>\n<p>&nbsp;<\/p>\n<p><strong>Pourquoi Participer ?<\/strong><\/p>\n<p>&#8211; Exploration Artistique : D\u00e9couvrez et ma\u00eetrisez de nouvelles techniques artistiques.<\/p>\n<p>&#8211; D\u00e9veloppement Personnel : Renforcez votre confiance en vous et exprimez votre cr\u00e9ativit\u00e9.<\/p>\n<p>&#8211; Communaut\u00e9 Cr\u00e9ative : Rejoignez une communaut\u00e9 de personnes partageant les m\u00eames passions et int\u00e9r\u00eats.<\/p>\n<p>&#8211; Moment de D\u00e9tente : \u00c9vadez-vous du quotidien et laissez-vous inspirer dans un cadre convivial.<\/p>\n<p>&nbsp;<\/p>\n<p><strong>Rejoignez-nous !\u00a0<\/strong><\/p>\n<p>Ne manquez pas cette chance de lib\u00e9rer votre cr\u00e9ativit\u00e9 et de partager des moments enrichissants avec d&rsquo;autres amateurs d&rsquo;art. Pour plus d&rsquo;informations sur les prochains ateliers cr\u00e9atifs et pour vous inscrire, rendez-vous sur notre site web ou contactez-nous directement.\u00a0<\/p>\n<p>Nous avons h\u00e2te de voir vos cr\u00e9ations et de partager ces moments artistiques avec vous !<\/p>\n<p>[\/et_pb_text][\/et_pb_column][\/et_pb_row][\/et_pb_section]<\/p>\n","protected":false},"excerpt":{"rendered":"<p>Ateliers cr\u00e9atifsNos Ateliers Cr\u00e9atifsD\u00e9but des ateliers cr\u00e9atifs les lundis 1 septembre 2025 \u00e0 15 h Rendez-vous au si\u00e8ge de l&rsquo;association MASC-34, tous les lundis apr\u00e8s midi de 15h \u00e0 17h 5 rue Sainte Barbe 34260 GraissessacLaissez libre cours \u00e0 votre cr\u00e9ativit\u00e9 avec les ateliers cr\u00e9atifs de MASC-34 !\u00a0 Chaque semaine, l&rsquo;association MASC-34 vous invite \u00e0 participer \u00e0 ses ateliers cr\u00e9atifs, un espace o\u00f9 vous pouvez explorer et pratiquer diff\u00e9rentes techniques artistiques. Que vous souhaitiez cr\u00e9er des costumes, des d\u00e9cors ou simplement vous adonner \u00e0 l&rsquo;art pour le plaisir, nos ateliers sont con\u00e7us pour nourrir votre cr\u00e9ativit\u00e9 dans une ambiance d\u00e9tendue et conviviale. &nbsp; D\u00e9couvrez une Vaste Gamme de Techniques Artistiques\u00a0 Nos ateliers vous offrent l&rsquo;opportunit\u00e9 d&rsquo;exp\u00e9rimenter diverses formes d&rsquo;art, notamment : &#8211; Cr\u00e9ation de costumes : Apprenez \u00e0 concevoir et \u00e0 r\u00e9aliser des costumes pour le th\u00e9\u00e2tre, les f\u00eates ou vos projets personnels. Explorez le design, la couture et les finitions pour donner vie \u00e0 vos id\u00e9es. &#8211; D\u00e9coration et d\u00e9cors : Participez \u00e0 la cr\u00e9ation de d\u00e9cors pour des spectacles, des \u00e9v\u00e9nements ou des projets artistiques. D\u00e9couvrez les techniques de peinture, de construction et de mise en sc\u00e8ne pour transformer les espaces. &#8211; Arts plastiques et artisanat : Essayez-vous [&hellip;]<\/p>\n","protected":false},"author":1,"featured_media":0,"parent":0,"menu_order":0,"comment_status":"closed","ping_status":"closed","template":"","meta":{"_et_pb_use_builder":"on","_et_pb_old_content":"","_et_gb_content_width":"","footnotes":""},"class_list":["post-71379","page","type-page","status-publish","hentry"],"yoast_head":"<!-- This site is optimized with the Yoast SEO plugin v27.4 - https:\/\/yoast.com\/product\/yoast-seo-wordpress\/ -->\n<title>Ateliers cr\u00e9atifs - MASC-34<\/title>\n<meta name=\"robots\" content=\"index, follow, max-snippet:-1, max-image-preview:large, max-video-preview:-1\" \/>\n<link rel=\"canonical\" href=\"https:\/\/masc-34.fr\/?page_id=71379\" \/>\n<meta property=\"og:locale\" content=\"fr_FR\" \/>\n<meta property=\"og:type\" content=\"article\" \/>\n<meta property=\"og:title\" content=\"Ateliers cr\u00e9atifs - MASC-34\" \/>\n<meta property=\"og:description\" content=\"Ateliers cr\u00e9atifsNos Ateliers Cr\u00e9atifsD\u00e9but des ateliers cr\u00e9atifs les lundis 1 septembre 2025 \u00e0 15 h Rendez-vous au si\u00e8ge de l&#039;association MASC-34, tous les lundis apr\u00e8s midi de 15h \u00e0 17h 5 rue Sainte Barbe 34260 GraissessacLaissez libre cours \u00e0 votre cr\u00e9ativit\u00e9 avec les ateliers cr\u00e9atifs de MASC-34 !\u00a0 Chaque semaine, l&#039;association MASC-34 vous invite \u00e0 participer \u00e0 ses ateliers cr\u00e9atifs, un espace o\u00f9 vous pouvez explorer et pratiquer diff\u00e9rentes techniques artistiques. Que vous souhaitiez cr\u00e9er des costumes, des d\u00e9cors ou simplement vous adonner \u00e0 l&#039;art pour le plaisir, nos ateliers sont con\u00e7us pour nourrir votre cr\u00e9ativit\u00e9 dans une ambiance d\u00e9tendue et conviviale. &nbsp; D\u00e9couvrez une Vaste Gamme de Techniques Artistiques\u00a0 Nos ateliers vous offrent l&#039;opportunit\u00e9 d&#039;exp\u00e9rimenter diverses formes d&#039;art, notamment : - Cr\u00e9ation de costumes : Apprenez \u00e0 concevoir et \u00e0 r\u00e9aliser des costumes pour le th\u00e9\u00e2tre, les f\u00eates ou vos projets personnels. Explorez le design, la couture et les finitions pour donner vie \u00e0 vos id\u00e9es. - D\u00e9coration et d\u00e9cors : Participez \u00e0 la cr\u00e9ation de d\u00e9cors pour des spectacles, des \u00e9v\u00e9nements ou des projets artistiques. D\u00e9couvrez les techniques de peinture, de construction et de mise en sc\u00e8ne pour transformer les espaces. - Arts plastiques et artisanat : Essayez-vous [&hellip;]\" \/>\n<meta property=\"og:url\" content=\"https:\/\/masc-34.fr\/?page_id=71379\" \/>\n<meta property=\"og:site_name\" content=\"MASC-34\" \/>\n<meta property=\"article:publisher\" content=\"https:\/\/facebook.com\/MASC34\" \/>\n<meta property=\"article:modified_time\" content=\"2025-08-26T13:15:36+00:00\" \/>\n<meta name=\"twitter:card\" content=\"summary_large_image\" \/>\n<script type=\"application\/ld+json\" class=\"yoast-schema-graph\">{\"@context\":\"https:\\\/\\\/schema.org\",\"@graph\":[{\"@type\":\"WebPage\",\"@id\":\"https:\\\/\\\/masc-34.fr\\\/?page_id=71379\",\"url\":\"https:\\\/\\\/masc-34.fr\\\/?page_id=71379\",\"name\":\"Ateliers cr\u00e9atifs - MASC-34\",\"isPartOf\":{\"@id\":\"https:\\\/\\\/masc-34.fr\\\/#website\"},\"datePublished\":\"2024-07-26T12:40:54+00:00\",\"dateModified\":\"2025-08-26T13:15:36+00:00\",\"breadcrumb\":{\"@id\":\"https:\\\/\\\/masc-34.fr\\\/?page_id=71379#breadcrumb\"},\"inLanguage\":\"fr-FR\",\"potentialAction\":[{\"@type\":\"ReadAction\",\"target\":[\"https:\\\/\\\/masc-34.fr\\\/?page_id=71379\"]}]},{\"@type\":\"BreadcrumbList\",\"@id\":\"https:\\\/\\\/masc-34.fr\\\/?page_id=71379#breadcrumb\",\"itemListElement\":[{\"@type\":\"ListItem\",\"position\":1,\"name\":\"Accueil\",\"item\":\"https:\\\/\\\/masc-34.fr\\\/\"},{\"@type\":\"ListItem\",\"position\":2,\"name\":\"Ateliers cr\u00e9atifs\"}]},{\"@type\":\"WebSite\",\"@id\":\"https:\\\/\\\/masc-34.fr\\\/#website\",\"url\":\"https:\\\/\\\/masc-34.fr\\\/\",\"name\":\"MASC-34\",\"description\":\"Musique Arts Spectacle Culture\",\"publisher\":{\"@id\":\"https:\\\/\\\/masc-34.fr\\\/#organization\"},\"potentialAction\":[{\"@type\":\"SearchAction\",\"target\":{\"@type\":\"EntryPoint\",\"urlTemplate\":\"https:\\\/\\\/masc-34.fr\\\/?s={search_term_string}\"},\"query-input\":{\"@type\":\"PropertyValueSpecification\",\"valueRequired\":true,\"valueName\":\"search_term_string\"}}],\"inLanguage\":\"fr-FR\"},{\"@type\":\"Organization\",\"@id\":\"https:\\\/\\\/masc-34.fr\\\/#organization\",\"name\":\"Association MASC-34\",\"url\":\"https:\\\/\\\/masc-34.fr\\\/\",\"logo\":{\"@type\":\"ImageObject\",\"inLanguage\":\"fr-FR\",\"@id\":\"https:\\\/\\\/masc-34.fr\\\/#\\\/schema\\\/logo\\\/image\\\/\",\"url\":\"https:\\\/\\\/masc-34.fr\\\/wp-content\\\/uploads\\\/2022\\\/09\\\/Logo-MASC34-V5.png\",\"contentUrl\":\"https:\\\/\\\/masc-34.fr\\\/wp-content\\\/uploads\\\/2022\\\/09\\\/Logo-MASC34-V5.png\",\"width\":1922,\"height\":1974,\"caption\":\"Association MASC-34\"},\"image\":{\"@id\":\"https:\\\/\\\/masc-34.fr\\\/#\\\/schema\\\/logo\\\/image\\\/\"},\"sameAs\":[\"https:\\\/\\\/facebook.com\\\/MASC34\"]}]}<\/script>\n<!-- \/ Yoast SEO plugin. -->","yoast_head_json":{"title":"Ateliers cr\u00e9atifs - MASC-34","robots":{"index":"index","follow":"follow","max-snippet":"max-snippet:-1","max-image-preview":"max-image-preview:large","max-video-preview":"max-video-preview:-1"},"canonical":"https:\/\/masc-34.fr\/?page_id=71379","og_locale":"fr_FR","og_type":"article","og_title":"Ateliers cr\u00e9atifs - MASC-34","og_description":"Ateliers cr\u00e9atifsNos Ateliers Cr\u00e9atifsD\u00e9but des ateliers cr\u00e9atifs les lundis 1 septembre 2025 \u00e0 15 h Rendez-vous au si\u00e8ge de l'association MASC-34, tous les lundis apr\u00e8s midi de 15h \u00e0 17h 5 rue Sainte Barbe 34260 GraissessacLaissez libre cours \u00e0 votre cr\u00e9ativit\u00e9 avec les ateliers cr\u00e9atifs de MASC-34 !\u00a0 Chaque semaine, l'association MASC-34 vous invite \u00e0 participer \u00e0 ses ateliers cr\u00e9atifs, un espace o\u00f9 vous pouvez explorer et pratiquer diff\u00e9rentes techniques artistiques. Que vous souhaitiez cr\u00e9er des costumes, des d\u00e9cors ou simplement vous adonner \u00e0 l'art pour le plaisir, nos ateliers sont con\u00e7us pour nourrir votre cr\u00e9ativit\u00e9 dans une ambiance d\u00e9tendue et conviviale. &nbsp; D\u00e9couvrez une Vaste Gamme de Techniques Artistiques\u00a0 Nos ateliers vous offrent l'opportunit\u00e9 d'exp\u00e9rimenter diverses formes d'art, notamment : - Cr\u00e9ation de costumes : Apprenez \u00e0 concevoir et \u00e0 r\u00e9aliser des costumes pour le th\u00e9\u00e2tre, les f\u00eates ou vos projets personnels. Explorez le design, la couture et les finitions pour donner vie \u00e0 vos id\u00e9es. - D\u00e9coration et d\u00e9cors : Participez \u00e0 la cr\u00e9ation de d\u00e9cors pour des spectacles, des \u00e9v\u00e9nements ou des projets artistiques. D\u00e9couvrez les techniques de peinture, de construction et de mise en sc\u00e8ne pour transformer les espaces. - Arts plastiques et artisanat : Essayez-vous [&hellip;]","og_url":"https:\/\/masc-34.fr\/?page_id=71379","og_site_name":"MASC-34","article_publisher":"https:\/\/facebook.com\/MASC34","article_modified_time":"2025-08-26T13:15:36+00:00","twitter_card":"summary_large_image","schema":{"@context":"https:\/\/schema.org","@graph":[{"@type":"WebPage","@id":"https:\/\/masc-34.fr\/?page_id=71379","url":"https:\/\/masc-34.fr\/?page_id=71379","name":"Ateliers cr\u00e9atifs - MASC-34","isPartOf":{"@id":"https:\/\/masc-34.fr\/#website"},"datePublished":"2024-07-26T12:40:54+00:00","dateModified":"2025-08-26T13:15:36+00:00","breadcrumb":{"@id":"https:\/\/masc-34.fr\/?page_id=71379#breadcrumb"},"inLanguage":"fr-FR","potentialAction":[{"@type":"ReadAction","target":["https:\/\/masc-34.fr\/?page_id=71379"]}]},{"@type":"BreadcrumbList","@id":"https:\/\/masc-34.fr\/?page_id=71379#breadcrumb","itemListElement":[{"@type":"ListItem","position":1,"name":"Accueil","item":"https:\/\/masc-34.fr\/"},{"@type":"ListItem","position":2,"name":"Ateliers cr\u00e9atifs"}]},{"@type":"WebSite","@id":"https:\/\/masc-34.fr\/#website","url":"https:\/\/masc-34.fr\/","name":"MASC-34","description":"Musique Arts Spectacle Culture","publisher":{"@id":"https:\/\/masc-34.fr\/#organization"},"potentialAction":[{"@type":"SearchAction","target":{"@type":"EntryPoint","urlTemplate":"https:\/\/masc-34.fr\/?s={search_term_string}"},"query-input":{"@type":"PropertyValueSpecification","valueRequired":true,"valueName":"search_term_string"}}],"inLanguage":"fr-FR"},{"@type":"Organization","@id":"https:\/\/masc-34.fr\/#organization","name":"Association MASC-34","url":"https:\/\/masc-34.fr\/","logo":{"@type":"ImageObject","inLanguage":"fr-FR","@id":"https:\/\/masc-34.fr\/#\/schema\/logo\/image\/","url":"https:\/\/masc-34.fr\/wp-content\/uploads\/2022\/09\/Logo-MASC34-V5.png","contentUrl":"https:\/\/masc-34.fr\/wp-content\/uploads\/2022\/09\/Logo-MASC34-V5.png","width":1922,"height":1974,"caption":"Association MASC-34"},"image":{"@id":"https:\/\/masc-34.fr\/#\/schema\/logo\/image\/"},"sameAs":["https:\/\/facebook.com\/MASC34"]}]}},"_links":{"self":[{"href":"https:\/\/masc-34.fr\/index.php?rest_route=\/wp\/v2\/pages\/71379","targetHints":{"allow":["GET"]}}],"collection":[{"href":"https:\/\/masc-34.fr\/index.php?rest_route=\/wp\/v2\/pages"}],"about":[{"href":"https:\/\/masc-34.fr\/index.php?rest_route=\/wp\/v2\/types\/page"}],"author":[{"embeddable":true,"href":"https:\/\/masc-34.fr\/index.php?rest_route=\/wp\/v2\/users\/1"}],"replies":[{"embeddable":true,"href":"https:\/\/masc-34.fr\/index.php?rest_route=%2Fwp%2Fv2%2Fcomments&post=71379"}],"version-history":[{"count":7,"href":"https:\/\/masc-34.fr\/index.php?rest_route=\/wp\/v2\/pages\/71379\/revisions"}],"predecessor-version":[{"id":72100,"href":"https:\/\/masc-34.fr\/index.php?rest_route=\/wp\/v2\/pages\/71379\/revisions\/72100"}],"wp:attachment":[{"href":"https:\/\/masc-34.fr\/index.php?rest_route=%2Fwp%2Fv2%2Fmedia&parent=71379"}],"curies":[{"name":"wp","href":"https:\/\/api.w.org\/{rel}","templated":true}]}}