{"id":71385,"date":"2024-07-26T14:44:15","date_gmt":"2024-07-26T12:44:15","guid":{"rendered":"https:\/\/masc-34.fr\/?page_id=71385"},"modified":"2026-03-27T07:31:36","modified_gmt":"2026-03-27T06:31:36","slug":"voyages-et-excursions-2","status":"publish","type":"page","link":"https:\/\/masc-34.fr\/?page_id=71385","title":{"rendered":"Voyages et Excursions"},"content":{"rendered":"<p>[et_pb_section fb_built=\u00a0\u00bb1&Prime; custom_padding_last_edited=\u00a0\u00bbon|tablet\u00a0\u00bb _builder_version=\u00a0\u00bb4.27.4&Prime; _module_preset=\u00a0\u00bbdefault\u00a0\u00bb background_color=\u00a0\u00bb#161515&Prime; background_image=\u00a0\u00bbhttps:\/\/masc-34.fr\/wp-content\/uploads\/2025\/08\/fond-ecran-web-etoiles.png\u00a0\u00bb background_position=\u00a0\u00bbtop_right\u00a0\u00bb custom_margin=\u00a0\u00bb0px||0px||false|false\u00a0\u00bb custom_padding=\u00a0\u00bb||140px||false|false\u00a0\u00bb custom_padding_tablet=\u00a0\u00bb120px||120px||false|false\u00a0\u00bb custom_padding_phone=\u00a0\u00bb90px||90px||false|false\u00a0\u00bb global_colors_info=\u00a0\u00bb{}\u00a0\u00bb][et_pb_row _builder_version=\u00a0\u00bb4.27.0&Prime; _module_preset=\u00a0\u00bbdefault\u00a0\u00bb custom_margin=\u00a0\u00bb||||false|false\u00a0\u00bb custom_padding=\u00a0\u00bb95px||||false|false\u00a0\u00bb global_colors_info=\u00a0\u00bb{}\u00a0\u00bb][et_pb_column type=\u00a0\u00bb4_4&Prime; _builder_version=\u00a0\u00bb4.27.0&Prime; _module_preset=\u00a0\u00bbdefault\u00a0\u00bb global_colors_info=\u00a0\u00bb{}\u00a0\u00bb][et_pb_text _builder_version=\u00a0\u00bb4.27.4&Prime; _module_preset=\u00a0\u00bbdefault\u00a0\u00bb text_font=\u00a0\u00bb|||on|||||\u00a0\u00bb header_4_font=\u00a0\u00bbJost|||on|||||\u00a0\u00bb header_4_text_align=\u00a0\u00bbcenter\u00a0\u00bb header_4_text_color=\u00a0\u00bb#fcfcfc\u00a0\u00bb header_4_font_size=\u00a0\u00bb14px\u00a0\u00bb header_4_letter_spacing=\u00a0\u00bb1.8px\u00a0\u00bb header_4_line_height=\u00a0\u00bb1.2em\u00a0\u00bb custom_margin=\u00a0\u00bb0px||9px||false|false\u00a0\u00bb custom_padding=\u00a0\u00bb0px||0px||false|false\u00a0\u00bb global_colors_info=\u00a0\u00bb{}\u00a0\u00bb]<\/p>\n<h4>Sorties culturelles<\/h4>\n<p>[\/et_pb_text][et_pb_text _builder_version=\u00a0\u00bb4.27.0&Prime; _module_preset=\u00a0\u00bbdefault\u00a0\u00bb header_2_font=\u00a0\u00bbJost||||||||\u00a0\u00bb header_2_text_align=\u00a0\u00bbcenter\u00a0\u00bb header_2_text_color=\u00a0\u00bb#fcfcfc\u00a0\u00bb header_2_font_size=\u00a0\u00bb55px\u00a0\u00bb header_2_line_height=\u00a0\u00bb1.1em\u00a0\u00bb custom_margin=\u00a0\u00bb0px||0px||false|false\u00a0\u00bb custom_padding=\u00a0\u00bb0px||0px||false|false\u00a0\u00bb header_2_font_size_tablet=\u00a0\u00bb55px\u00a0\u00bb header_2_font_size_phone=\u00a0\u00bb32px\u00a0\u00bb header_2_font_size_last_edited=\u00a0\u00bbon|phone\u00a0\u00bb global_colors_info=\u00a0\u00bb{}\u00a0\u00bb]<\/p>\n<h2>Voyages et Excursions<\/h2>\n<p>[\/et_pb_text][\/et_pb_column][\/et_pb_row][et_pb_row _builder_version=\u00a0\u00bb4.27.4&Prime; _module_preset=\u00a0\u00bbdefault\u00a0\u00bb width=\u00a0\u00bb94%\u00a0\u00bb global_colors_info=\u00a0\u00bb{}\u00a0\u00bb][et_pb_column type=\u00a0\u00bb4_4&Prime; _builder_version=\u00a0\u00bb4.27.0&Prime; _module_preset=\u00a0\u00bbdefault\u00a0\u00bb global_colors_info=\u00a0\u00bb{}\u00a0\u00bb][et_pb_text _builder_version=\u00a0\u00bb4.27.0&Prime; _module_preset=\u00a0\u00bbdefault\u00a0\u00bb text_text_color=\u00a0\u00bb#FFFFFF\u00a0\u00bb width=\u00a0\u00bb100%\u00a0\u00bb custom_padding=\u00a0\u00bb2px|||||\u00a0\u00bb global_colors_info=\u00a0\u00bb{}\u00a0\u00bb]<\/p>\n<p><strong>\u00c0 la rencontre du patrimoine, de l\u2019art et des cultures<\/strong><\/p>\n<p>Fid\u00e8le \u00e0 sa vocation de promouvoir la culture sous toutes ses formes, <strong>MASC-34<\/strong> propose tout au long de l\u2019ann\u00e9e des <strong>excursions culturelles en journ\u00e9e<\/strong>, en privil\u00e9giant le <strong>covoiturage<\/strong>, la convivialit\u00e9 et la d\u00e9couverte. Ch\u00e2teaux, mus\u00e9es, expositions, sites historiques, spectacles vivants\u2026 chaque sortie est une invitation \u00e0 explorer les richesses de notre r\u00e9gion et \u00e0 partager un moment de curiosit\u00e9 et de plaisir collectif.<\/p>\n<p>Ces escapades, ouvertes \u00e0 tous nos adh\u00e9rents, sont organis\u00e9es de mani\u00e8re simple et accessible : rendez-vous sur un point commun de d\u00e9part, r\u00e9partition dans les v\u00e9hicules des participants, et en route pour une journ\u00e9e de d\u00e9couverte culturelle, souvent ponctu\u00e9e d\u2019un repas partag\u00e9 ou d\u2019une pause gourmande.<\/p>\n<p>Mais MASC-34 ne s\u2019arr\u00eate pas l\u00e0 : <strong>une fois par an<\/strong>, l\u2019association propose un <strong>voyage culturel plus long<\/strong>, en France ou en Europe, toujours guid\u00e9 par le m\u00eame esprit d\u2019ouverture, de transmission et de passion pour l\u2019art, l\u2019histoire et le patrimoine. De Florence \u00e0 Paris, de Barcelone \u00e0 Lyon, chaque destination est pens\u00e9e comme une immersion dans l\u2019\u00e2me d\u2019un lieu et l\u2019\u00e9change entre participants est au c\u0153ur de l\u2019exp\u00e9rience.<\/p>\n<p>Ces voyages ne sont pas de simples s\u00e9jours touristiques, mais de v\u00e9ritables <strong>parenth\u00e8ses culturelles<\/strong>, con\u00e7ues avec soin, au rythme de la d\u00e9couverte, dans une ambiance chaleureuse et bienveillante.<\/p>\n<p><strong>Avec MASC-34, partez \u00e0 la rencontre des beaut\u00e9s du monde, en toute simplicit\u00e9, dans l\u2019esprit du partage.<\/strong><\/p>\n<p>[\/et_pb_text][et_pb_text _builder_version=\u00a0\u00bb4.27.4&Prime; _module_preset=\u00a0\u00bbdefault\u00a0\u00bb width=\u00a0\u00bb100%\u00a0\u00bb custom_margin=\u00a0\u00bb|-76px||||\u00a0\u00bb hover_enabled=\u00a0\u00bb0&Prime; global_colors_info=\u00a0\u00bb{}\u00a0\u00bb sticky_enabled=\u00a0\u00bb0&Prime; text_text_color=\u00a0\u00bb#FFFFFF\u00a0\u00bb text_font_size=\u00a0\u00bb15px\u00a0\u00bb]<\/p>\n<p data-start=\"106\" data-end=\"181\" style=\"text-align: center;\"><strong>\u2728 Voyage en Italie \u2013 Venise la Magnifique \u2728<\/strong><br data-start=\"153\" data-end=\"156\" \/><strong>\ud83d\udcc5 <em data-start=\"159\" data-end=\"181\">Du 5 au 9 avril 2027<\/em><\/strong><\/p>\n<p data-start=\"183\" data-end=\"338\" style=\"text-align: justify;\"><strong>Laissez-vous emporter par la magie de <span class=\"hover:entity-accent entity-underline inline cursor-pointer align-baseline\"><span class=\"whitespace-normal\">Venise<\/span><\/span>, cette ville unique au monde o\u00f9 le temps semble suspendu entre ciel et eau\u2026<\/strong><\/p>\n<p data-start=\"340\" data-end=\"567\" style=\"text-align: justify;\"><strong>Nous vous proposons un voyage inoubliable au c\u0153ur de la S\u00e9r\u00e9nissime, dans une ambiance conviviale et chaleureuse, fid\u00e8le \u00e0 l\u2019esprit de MASC-34. Un s\u00e9jour plac\u00e9 sous le signe de la d\u00e9couverte, du partage\u2026 et de l\u2019\u00e9merveillement.<\/strong><\/p>\n<p data-start=\"569\" data-end=\"816\" style=\"text-align: justify;\"><strong>\ud83d\ude97 Un voyage en toute convivialit\u00e9<\/strong><br data-start=\"607\" data-end=\"610\" \/><strong>Le trajet se fera en covoiturage, afin de favoriser les \u00e9changes et r\u00e9duire les co\u00fbts. Les frais (carburant, p\u00e9ages\u2026) seront partag\u00e9s entre tous les participants, dans un esprit simple, solidaire et amical.<\/strong><\/p>\n<p data-start=\"818\" data-end=\"1124\" style=\"text-align: justify;\"><strong>\ud83c\udf09 Une immersion totale dans Venise<\/strong><br data-start=\"857\" data-end=\"860\" \/><strong>Durant ces cinq jours, nous partirons \u00e0 la d\u00e9couverte de Venise sous toutes ses facettes : ses ruelles secr\u00e8tes, ses ponts mythiques, ses places anim\u00e9es et ses tr\u00e9sors cach\u00e9s\u2026 Le tout accompagn\u00e9 par un guide passionn\u00e9 qui nous r\u00e9v\u00e9lera l\u2019\u00e2me v\u00e9ritable de l<span style=\"color: #eaeaea;\">a<\/span> ville.<\/strong><\/p>\n<p data-start=\"1126\" data-end=\"1203\" style=\"text-align: justify;\"><strong>\ud83c\udfad Des visites incontournables<\/strong><br data-start=\"1160\" data-end=\"1163\" \/><strong>Au programme de ce s\u00e9jour exceptionnel :<\/strong><\/p>\n<ul data-start=\"1205\" data-end=\"1560\" style=\"text-align: justify;\">\n<li data-section-id=\"xwcukm\" data-start=\"1205\" data-end=\"1323\"><strong>La visite du somptueux <span class=\"hover:entity-accent entity-underline inline cursor-pointer align-baseline\"><span class=\"whitespace-normal\">Palais des Doges<\/span><\/span>, t\u00e9moin de la grandeur de la R\u00e9publique de Venise<\/strong><\/li>\n<li data-section-id=\"q8xd3e\" data-start=\"1324\" data-end=\"1560\"><strong>Une escapade f\u00e9erique vers les \u00eeles de la lagune :<\/strong>\n<ul data-start=\"1381\" data-end=\"1560\">\n<li data-section-id=\"1yi8w2w\" data-start=\"1381\" data-end=\"1457\"><strong><span class=\"hover:entity-accent entity-underline inline cursor-pointer align-baseline\"><span class=\"whitespace-normal\">Murano<\/span><\/span>, c\u00e9l\u00e8bre pour son art du verre<\/strong><\/li>\n<li data-section-id=\"famuda\" data-start=\"1460\" data-end=\"1560\"><strong><span class=\"hover:entity-accent entity-underline inline cursor-pointer align-baseline\"><span class=\"whitespace-normal\">Burano<\/span><\/span>, connue pour ses maisons color\u00e9es et son charme unique<\/strong><\/li>\n<\/ul>\n<\/li>\n<\/ul>\n<p data-start=\"1562\" data-end=\"1858\" style=\"text-align: justify;\"><strong>\ud83c\udf05 Un voyage hors du temps<\/strong><br data-start=\"1592\" data-end=\"1595\" \/><strong>Imaginez-vous fl\u00e2nant au coucher du soleil le long des canaux, savourant un caf\u00e9 sur une place italienne, ou partageant un moment simple entre amis dans une trattoria typique\u2026 Ce voyage est une invitation \u00e0 ralentir, ressentir, et vivre pleinement chaque instant.<\/strong><\/p>\n<p data-start=\"1860\" data-end=\"2041\" style=\"text-align: justify;\"><strong>\ud83d\udcab Un moment de partage avant tout<\/strong><br data-start=\"1898\" data-end=\"1901\" \/><strong>Plus qu\u2019un simple s\u00e9jour, ce voyage est une aventure humaine, faite de rires, de d\u00e9couvertes et de souvenirs pr\u00e9cieux \u00e0 construire ensemble.<\/strong><\/p>\n<p data-start=\"1860\" data-end=\"2041\" style=\"text-align: center;\"><strong>\u2728 <em data-start=\"2227\" data-end=\"2272\">Venez vivre Venise autrement\u2026 avec le c\u0153ur.<\/em> \u2728<\/strong><\/p>\n<hr data-start=\"2043\" data-end=\"2046\" \/>\n<p data-start=\"2048\" data-end=\"2173\" style=\"text-align: justify;\"><strong>\ud83d\udce9 Informations et inscriptions<\/strong><br data-start=\"2083\" data-end=\"2086\" \/><strong>Les places seront limit\u00e9es afin de pr\u00e9server la qualit\u00e9 et la convivialit\u00e9 du s\u00e9jour.<\/strong><\/p>\n<p data-start=\"2175\" data-end=\"2218\" style=\"text-align: justify;\"><strong>\ud83d\udce7 contact@masc\u201334.fr<\/strong><br data-start=\"2196\" data-end=\"2199\" \/><strong>\ud83d\udcde 07 70 00 01 41<\/strong><\/p>\n<p>[\/et_pb_text][et_pb_image src=\u00a0\u00bbhttps:\/\/masc-34.fr\/wp-content\/uploads\/2025\/07\/IMG_2082.jpg\u00a0\u00bb title_text=\u00a0\u00bbIMG_2082&Prime; _builder_version=\u00a0\u00bb4.27.4&Prime; _module_preset=\u00a0\u00bbdefault\u00a0\u00bb hover_enabled=\u00a0\u00bb0&Prime; global_colors_info=\u00a0\u00bb{}\u00a0\u00bb sticky_enabled=\u00a0\u00bb0&Prime;][\/et_pb_image][\/et_pb_column][\/et_pb_row][\/et_pb_section]<\/p>\n","protected":false},"excerpt":{"rendered":"<p>Sorties culturellesVoyages et Excursions\u00c0 la rencontre du patrimoine, de l\u2019art et des cultures Fid\u00e8le \u00e0 sa vocation de promouvoir la culture sous toutes ses formes, MASC-34 propose tout au long de l\u2019ann\u00e9e des excursions culturelles en journ\u00e9e, en privil\u00e9giant le covoiturage, la convivialit\u00e9 et la d\u00e9couverte. Ch\u00e2teaux, mus\u00e9es, expositions, sites historiques, spectacles vivants\u2026 chaque sortie est une invitation \u00e0 explorer les richesses de notre r\u00e9gion et \u00e0 partager un moment de curiosit\u00e9 et de plaisir collectif. Ces escapades, ouvertes \u00e0 tous nos adh\u00e9rents, sont organis\u00e9es de mani\u00e8re simple et accessible : rendez-vous sur un point commun de d\u00e9part, r\u00e9partition dans les v\u00e9hicules des participants, et en route pour une journ\u00e9e de d\u00e9couverte culturelle, souvent ponctu\u00e9e d\u2019un repas partag\u00e9 ou d\u2019une pause gourmande. Mais MASC-34 ne s\u2019arr\u00eate pas l\u00e0 : une fois par an, l\u2019association propose un voyage culturel plus long, en France ou en Europe, toujours guid\u00e9 par le m\u00eame esprit d\u2019ouverture, de transmission et de passion pour l\u2019art, l\u2019histoire et le patrimoine. De Florence \u00e0 Paris, de Barcelone \u00e0 Lyon, chaque destination est pens\u00e9e comme une immersion dans l\u2019\u00e2me d\u2019un lieu et l\u2019\u00e9change entre participants est au c\u0153ur de l\u2019exp\u00e9rience. Ces voyages ne sont pas de simples s\u00e9jours touristiques, [&hellip;]<\/p>\n","protected":false},"author":1,"featured_media":0,"parent":0,"menu_order":0,"comment_status":"closed","ping_status":"closed","template":"","meta":{"_et_pb_use_builder":"on","_et_pb_old_content":"","_et_gb_content_width":"","footnotes":""},"class_list":["post-71385","page","type-page","status-publish","hentry"],"yoast_head":"<!-- This site is optimized with the Yoast SEO plugin v27.3 - https:\/\/yoast.com\/product\/yoast-seo-wordpress\/ -->\n<title>Voyages et Excursions - MASC-34<\/title>\n<meta name=\"robots\" content=\"index, follow, max-snippet:-1, max-image-preview:large, max-video-preview:-1\" \/>\n<link rel=\"canonical\" href=\"https:\/\/masc-34.fr\/?page_id=71385\" \/>\n<meta property=\"og:locale\" content=\"fr_FR\" \/>\n<meta property=\"og:type\" content=\"article\" \/>\n<meta property=\"og:title\" content=\"Voyages et Excursions - MASC-34\" \/>\n<meta property=\"og:description\" content=\"Sorties culturellesVoyages et Excursions\u00c0 la rencontre du patrimoine, de l\u2019art et des cultures Fid\u00e8le \u00e0 sa vocation de promouvoir la culture sous toutes ses formes, MASC-34 propose tout au long de l\u2019ann\u00e9e des excursions culturelles en journ\u00e9e, en privil\u00e9giant le covoiturage, la convivialit\u00e9 et la d\u00e9couverte. Ch\u00e2teaux, mus\u00e9es, expositions, sites historiques, spectacles vivants\u2026 chaque sortie est une invitation \u00e0 explorer les richesses de notre r\u00e9gion et \u00e0 partager un moment de curiosit\u00e9 et de plaisir collectif. Ces escapades, ouvertes \u00e0 tous nos adh\u00e9rents, sont organis\u00e9es de mani\u00e8re simple et accessible : rendez-vous sur un point commun de d\u00e9part, r\u00e9partition dans les v\u00e9hicules des participants, et en route pour une journ\u00e9e de d\u00e9couverte culturelle, souvent ponctu\u00e9e d\u2019un repas partag\u00e9 ou d\u2019une pause gourmande. Mais MASC-34 ne s\u2019arr\u00eate pas l\u00e0 : une fois par an, l\u2019association propose un voyage culturel plus long, en France ou en Europe, toujours guid\u00e9 par le m\u00eame esprit d\u2019ouverture, de transmission et de passion pour l\u2019art, l\u2019histoire et le patrimoine. De Florence \u00e0 Paris, de Barcelone \u00e0 Lyon, chaque destination est pens\u00e9e comme une immersion dans l\u2019\u00e2me d\u2019un lieu et l\u2019\u00e9change entre participants est au c\u0153ur de l\u2019exp\u00e9rience. Ces voyages ne sont pas de simples s\u00e9jours touristiques, [&hellip;]\" \/>\n<meta property=\"og:url\" content=\"https:\/\/masc-34.fr\/?page_id=71385\" \/>\n<meta property=\"og:site_name\" content=\"MASC-34\" \/>\n<meta property=\"article:publisher\" content=\"https:\/\/facebook.com\/MASC34\" \/>\n<meta property=\"article:modified_time\" content=\"2026-03-27T06:31:36+00:00\" \/>\n<meta name=\"twitter:card\" content=\"summary_large_image\" \/>\n<script type=\"application\/ld+json\" class=\"yoast-schema-graph\">{\"@context\":\"https:\\\/\\\/schema.org\",\"@graph\":[{\"@type\":\"WebPage\",\"@id\":\"https:\\\/\\\/masc-34.fr\\\/?page_id=71385\",\"url\":\"https:\\\/\\\/masc-34.fr\\\/?page_id=71385\",\"name\":\"Voyages et Excursions - MASC-34\",\"isPartOf\":{\"@id\":\"https:\\\/\\\/masc-34.fr\\\/#website\"},\"datePublished\":\"2024-07-26T12:44:15+00:00\",\"dateModified\":\"2026-03-27T06:31:36+00:00\",\"breadcrumb\":{\"@id\":\"https:\\\/\\\/masc-34.fr\\\/?page_id=71385#breadcrumb\"},\"inLanguage\":\"fr-FR\",\"potentialAction\":[{\"@type\":\"ReadAction\",\"target\":[\"https:\\\/\\\/masc-34.fr\\\/?page_id=71385\"]}]},{\"@type\":\"BreadcrumbList\",\"@id\":\"https:\\\/\\\/masc-34.fr\\\/?page_id=71385#breadcrumb\",\"itemListElement\":[{\"@type\":\"ListItem\",\"position\":1,\"name\":\"Accueil\",\"item\":\"https:\\\/\\\/masc-34.fr\\\/\"},{\"@type\":\"ListItem\",\"position\":2,\"name\":\"Voyages et Excursions\"}]},{\"@type\":\"WebSite\",\"@id\":\"https:\\\/\\\/masc-34.fr\\\/#website\",\"url\":\"https:\\\/\\\/masc-34.fr\\\/\",\"name\":\"MASC-34\",\"description\":\"Musique Arts Spectacle Culture\",\"publisher\":{\"@id\":\"https:\\\/\\\/masc-34.fr\\\/#organization\"},\"potentialAction\":[{\"@type\":\"SearchAction\",\"target\":{\"@type\":\"EntryPoint\",\"urlTemplate\":\"https:\\\/\\\/masc-34.fr\\\/?s={search_term_string}\"},\"query-input\":{\"@type\":\"PropertyValueSpecification\",\"valueRequired\":true,\"valueName\":\"search_term_string\"}}],\"inLanguage\":\"fr-FR\"},{\"@type\":\"Organization\",\"@id\":\"https:\\\/\\\/masc-34.fr\\\/#organization\",\"name\":\"Association MASC-34\",\"url\":\"https:\\\/\\\/masc-34.fr\\\/\",\"logo\":{\"@type\":\"ImageObject\",\"inLanguage\":\"fr-FR\",\"@id\":\"https:\\\/\\\/masc-34.fr\\\/#\\\/schema\\\/logo\\\/image\\\/\",\"url\":\"https:\\\/\\\/masc-34.fr\\\/wp-content\\\/uploads\\\/2022\\\/09\\\/Logo-MASC34-V5.png\",\"contentUrl\":\"https:\\\/\\\/masc-34.fr\\\/wp-content\\\/uploads\\\/2022\\\/09\\\/Logo-MASC34-V5.png\",\"width\":1922,\"height\":1974,\"caption\":\"Association MASC-34\"},\"image\":{\"@id\":\"https:\\\/\\\/masc-34.fr\\\/#\\\/schema\\\/logo\\\/image\\\/\"},\"sameAs\":[\"https:\\\/\\\/facebook.com\\\/MASC34\"]}]}<\/script>\n<!-- \/ Yoast SEO plugin. -->","yoast_head_json":{"title":"Voyages et Excursions - MASC-34","robots":{"index":"index","follow":"follow","max-snippet":"max-snippet:-1","max-image-preview":"max-image-preview:large","max-video-preview":"max-video-preview:-1"},"canonical":"https:\/\/masc-34.fr\/?page_id=71385","og_locale":"fr_FR","og_type":"article","og_title":"Voyages et Excursions - MASC-34","og_description":"Sorties culturellesVoyages et Excursions\u00c0 la rencontre du patrimoine, de l\u2019art et des cultures Fid\u00e8le \u00e0 sa vocation de promouvoir la culture sous toutes ses formes, MASC-34 propose tout au long de l\u2019ann\u00e9e des excursions culturelles en journ\u00e9e, en privil\u00e9giant le covoiturage, la convivialit\u00e9 et la d\u00e9couverte. Ch\u00e2teaux, mus\u00e9es, expositions, sites historiques, spectacles vivants\u2026 chaque sortie est une invitation \u00e0 explorer les richesses de notre r\u00e9gion et \u00e0 partager un moment de curiosit\u00e9 et de plaisir collectif. Ces escapades, ouvertes \u00e0 tous nos adh\u00e9rents, sont organis\u00e9es de mani\u00e8re simple et accessible : rendez-vous sur un point commun de d\u00e9part, r\u00e9partition dans les v\u00e9hicules des participants, et en route pour une journ\u00e9e de d\u00e9couverte culturelle, souvent ponctu\u00e9e d\u2019un repas partag\u00e9 ou d\u2019une pause gourmande. Mais MASC-34 ne s\u2019arr\u00eate pas l\u00e0 : une fois par an, l\u2019association propose un voyage culturel plus long, en France ou en Europe, toujours guid\u00e9 par le m\u00eame esprit d\u2019ouverture, de transmission et de passion pour l\u2019art, l\u2019histoire et le patrimoine. De Florence \u00e0 Paris, de Barcelone \u00e0 Lyon, chaque destination est pens\u00e9e comme une immersion dans l\u2019\u00e2me d\u2019un lieu et l\u2019\u00e9change entre participants est au c\u0153ur de l\u2019exp\u00e9rience. Ces voyages ne sont pas de simples s\u00e9jours touristiques, [&hellip;]","og_url":"https:\/\/masc-34.fr\/?page_id=71385","og_site_name":"MASC-34","article_publisher":"https:\/\/facebook.com\/MASC34","article_modified_time":"2026-03-27T06:31:36+00:00","twitter_card":"summary_large_image","schema":{"@context":"https:\/\/schema.org","@graph":[{"@type":"WebPage","@id":"https:\/\/masc-34.fr\/?page_id=71385","url":"https:\/\/masc-34.fr\/?page_id=71385","name":"Voyages et Excursions - MASC-34","isPartOf":{"@id":"https:\/\/masc-34.fr\/#website"},"datePublished":"2024-07-26T12:44:15+00:00","dateModified":"2026-03-27T06:31:36+00:00","breadcrumb":{"@id":"https:\/\/masc-34.fr\/?page_id=71385#breadcrumb"},"inLanguage":"fr-FR","potentialAction":[{"@type":"ReadAction","target":["https:\/\/masc-34.fr\/?page_id=71385"]}]},{"@type":"BreadcrumbList","@id":"https:\/\/masc-34.fr\/?page_id=71385#breadcrumb","itemListElement":[{"@type":"ListItem","position":1,"name":"Accueil","item":"https:\/\/masc-34.fr\/"},{"@type":"ListItem","position":2,"name":"Voyages et Excursions"}]},{"@type":"WebSite","@id":"https:\/\/masc-34.fr\/#website","url":"https:\/\/masc-34.fr\/","name":"MASC-34","description":"Musique Arts Spectacle Culture","publisher":{"@id":"https:\/\/masc-34.fr\/#organization"},"potentialAction":[{"@type":"SearchAction","target":{"@type":"EntryPoint","urlTemplate":"https:\/\/masc-34.fr\/?s={search_term_string}"},"query-input":{"@type":"PropertyValueSpecification","valueRequired":true,"valueName":"search_term_string"}}],"inLanguage":"fr-FR"},{"@type":"Organization","@id":"https:\/\/masc-34.fr\/#organization","name":"Association MASC-34","url":"https:\/\/masc-34.fr\/","logo":{"@type":"ImageObject","inLanguage":"fr-FR","@id":"https:\/\/masc-34.fr\/#\/schema\/logo\/image\/","url":"https:\/\/masc-34.fr\/wp-content\/uploads\/2022\/09\/Logo-MASC34-V5.png","contentUrl":"https:\/\/masc-34.fr\/wp-content\/uploads\/2022\/09\/Logo-MASC34-V5.png","width":1922,"height":1974,"caption":"Association MASC-34"},"image":{"@id":"https:\/\/masc-34.fr\/#\/schema\/logo\/image\/"},"sameAs":["https:\/\/facebook.com\/MASC34"]}]}},"_links":{"self":[{"href":"https:\/\/masc-34.fr\/index.php?rest_route=\/wp\/v2\/pages\/71385","targetHints":{"allow":["GET"]}}],"collection":[{"href":"https:\/\/masc-34.fr\/index.php?rest_route=\/wp\/v2\/pages"}],"about":[{"href":"https:\/\/masc-34.fr\/index.php?rest_route=\/wp\/v2\/types\/page"}],"author":[{"embeddable":true,"href":"https:\/\/masc-34.fr\/index.php?rest_route=\/wp\/v2\/users\/1"}],"replies":[{"embeddable":true,"href":"https:\/\/masc-34.fr\/index.php?rest_route=%2Fwp%2Fv2%2Fcomments&post=71385"}],"version-history":[{"count":16,"href":"https:\/\/masc-34.fr\/index.php?rest_route=\/wp\/v2\/pages\/71385\/revisions"}],"predecessor-version":[{"id":72187,"href":"https:\/\/masc-34.fr\/index.php?rest_route=\/wp\/v2\/pages\/71385\/revisions\/72187"}],"wp:attachment":[{"href":"https:\/\/masc-34.fr\/index.php?rest_route=%2Fwp%2Fv2%2Fmedia&parent=71385"}],"curies":[{"name":"wp","href":"https:\/\/api.w.org\/{rel}","templated":true}]}}